{"id":101578,"date":"2017-03-22T22:58:57","date_gmt":"2017-03-22T22:58:57","guid":{"rendered":"http:\/\/keramika.holest.com\/slovenija\/product\/mozaik-za-kuhinje-mc-402-gris-claro\/"},"modified":"2026-01-01T00:03:31","modified_gmt":"2026-01-01T00:03:31","slug":"mozaik-za-kuhinje-mc-402-gris-claro","status":"publish","type":"product","link":"https:\/\/www.keramika.com\/slovenija\/mozaik-za-kuhinje-mc-402-gris-claro\/","title":{"rendered":"Mozaik za kuhinje MC 402 Gris Claro"},"content":{"rendered":"<p>Ta model mozaik plo\u0161\u010dic se najbolje prodaja v sivi barvi. V redni prodaji bi morali za ta mozaik od\u0161teti 34,22 EUR, spletna cena pa zna\u0161a le 27,38 EUR. Ta mozaik je izdelal proizvajalec Mosavit, ki prihaja iz \u0160panije. \u0160irina in dol\u017eina mre\u017ee na katero je pripet ta mozaik sta 31,6&#215;31,6 cm. Mre\u017eo lahko enostavno polo\u017eite na razli\u010dne povr\u0161ine. Mozaik je debel kar 5 mm, kar ga uvr\u0161\u010da med bolj trde mozaik plo\u0161\u010dice.<\/p>\n<p>Technical description: <\/p>\n<p>Min. 1 box &#8211; Delivery 30 Euro\/box in EU<\/p>\n","protected":false},"excerpt":{"rendered":"<p>Ta model mozaik plo\u0161\u010dic se najbolje prodaja v sivi barvi. V redni prodaji bi morali za ta mozaik od\u0161teti 34,22 EUR, spletna cena pa zna\u0161a le 27,38 EUR. Ta mozaik je izdelal proizvajalec Mosavit, ki prihaja iz \u0160panije. \u0160irina in dol\u017eina mre\u017ee na katero je pripet ta mozaik sta 31,6&#215;31,6 cm. Mre\u017eo lahko enostavno polo\u017eite [&hellip;]<\/p>\n","protected":false},"featured_media":101579,"template":"","meta":[],"product_cat":[999405,400,999,410],"product_tag":[],"_links":{"self":[{"href":"https:\/\/www.keramika.com\/slovenija\/wp-json\/wp\/v2\/product\/101578"}],"collection":[{"href":"https:\/\/www.keramika.com\/slovenija\/wp-json\/wp\/v2\/product"}],"about":[{"href":"https:\/\/www.keramika.com\/slovenija\/wp-json\/wp\/v2\/types\/product"}],"wp:featuredmedia":[{"embeddable":true,"href":"https:\/\/www.keramika.com\/slovenija\/wp-json\/wp\/v2\/media\/101579"}],"wp:attachment":[{"href":"https:\/\/www.keramika.com\/slovenija\/wp-json\/wp\/v2\/media?parent=101578"}],"wp:term":[{"taxonomy":"product_cat","embeddable":true,"href":"https:\/\/www.keramika.com\/slovenija\/wp-json\/wp\/v2\/product_cat?post=101578"},{"taxonomy":"product_tag","embeddable":true,"href":"https:\/\/www.keramika.com\/slovenija\/wp-json\/wp\/v2\/product_tag?post=101578"}],"curies":[{"name":"wp","href":"https:\/\/api.w.org\/{rel}","templated":true}]}}