{"id":101572,"date":"2017-03-22T22:58:49","date_gmt":"2017-03-22T22:58:49","guid":{"rendered":"http:\/\/keramika.holest.com\/slovenija\/product\/mozaik-za-kuhinje-mc-502-beige\/"},"modified":"2026-01-01T00:03:30","modified_gmt":"2026-01-01T00:03:30","slug":"mozaik-za-kuhinje-mc-502-beige","status":"publish","type":"product","link":"https:\/\/www.keramika.com\/slovenija\/mozaik-za-kuhinje-mc-502-beige\/","title":{"rendered":"Mozaik za kuhinje MC 502 Beige"},"content":{"rendered":"<p>Debelina plo\u0161\u010dice je zelo pomembna in 5 mm uvr\u0161\u010da ta mozaik med najkvalitetnej\u0161e. Mosaic MC 502 Beige prihaja iz \u0160panije, ki je znana po zelo kvalitetni keramiki v svetovnem merilu. Z velikostjo mre\u017ee 31,6&#215;31,6 cm na katero je pripet, je ta mozaik primeren ze razli\u010dne povr\u0161ine. Pri izbiri mozaika v glavni be\u017e barvi ne morete zgre\u0161iti. Mosaic MC 502 Beige je na voljo po zelo ugodni ceni 27,38 EUR.<\/p>\n<p>Technical description: <\/p>\n<p>Min. 1 box &#8211; Delivery 30 Euro\/box in EU<\/p>\n","protected":false},"excerpt":{"rendered":"<p>Debelina plo\u0161\u010dice je zelo pomembna in 5 mm uvr\u0161\u010da ta mozaik med najkvalitetnej\u0161e. Mosaic MC 502 Beige prihaja iz \u0160panije, ki je znana po zelo kvalitetni keramiki v svetovnem merilu. Z velikostjo mre\u017ee 31,6&#215;31,6 cm na katero je pripet, je ta mozaik primeren ze razli\u010dne povr\u0161ine. Pri izbiri mozaika v glavni be\u017e barvi ne morete [&hellip;]<\/p>\n","protected":false},"featured_media":101573,"template":"","meta":[],"product_cat":[999405,400,999,410],"product_tag":[],"_links":{"self":[{"href":"https:\/\/www.keramika.com\/slovenija\/wp-json\/wp\/v2\/product\/101572"}],"collection":[{"href":"https:\/\/www.keramika.com\/slovenija\/wp-json\/wp\/v2\/product"}],"about":[{"href":"https:\/\/www.keramika.com\/slovenija\/wp-json\/wp\/v2\/types\/product"}],"wp:featuredmedia":[{"embeddable":true,"href":"https:\/\/www.keramika.com\/slovenija\/wp-json\/wp\/v2\/media\/101573"}],"wp:attachment":[{"href":"https:\/\/www.keramika.com\/slovenija\/wp-json\/wp\/v2\/media?parent=101572"}],"wp:term":[{"taxonomy":"product_cat","embeddable":true,"href":"https:\/\/www.keramika.com\/slovenija\/wp-json\/wp\/v2\/product_cat?post=101572"},{"taxonomy":"product_tag","embeddable":true,"href":"https:\/\/www.keramika.com\/slovenija\/wp-json\/wp\/v2\/product_tag?post=101572"}],"curies":[{"name":"wp","href":"https:\/\/api.w.org\/{rel}","templated":true}]}}