{"id":101570,"date":"2017-05-22T22:58:47","date_gmt":"2017-05-22T22:58:47","guid":{"rendered":"http:\/\/keramika.holest.com\/slovenija\/product\/mozaik-za-kuhinje-mc-202-azul-marino\/"},"modified":"2026-01-01T00:03:30","modified_gmt":"2026-01-01T00:03:30","slug":"mozaik-za-kuhinje-mc-202-azul-marino","status":"publish","type":"product","link":"https:\/\/www.keramika.com\/slovenija\/mozaik-za-kuhinje-mc-202-azul-marino\/","title":{"rendered":"Mozaik za kuhinje MC 202 Azul Marino"},"content":{"rendered":"<p>Mosaic MC 202 Azul Marino je pripeljana iz \u0160panije in je zelo kvalitetna. Velikost mre\u017ee z mozaikom je 31,6&#215;31,6 cm, kar omogo\u010da enostavno polaganje. Debelina plo\u0161\u010dice je zelo pomembna in 5 mm uvr\u0161\u010da ta mozaik med najkvalitetnej\u0161e. Namesto 41,09 EUR kot bi za ta mozaik od\u0161teli v klasi\u010dni trgovini, boste v na\u0161i spletni prodajalni od\u0161teli le 32,88 EUR. Zelo moderen mozaik v dominanti modri barvi popestri prav vsak prostor.<\/p>\n<p>Technical description: <\/p>\n<p>Min. 1 box &#8211; Delivery 30 Euro\/box in EU<\/p>\n","protected":false},"excerpt":{"rendered":"<p>Mosaic MC 202 Azul Marino je pripeljana iz \u0160panije in je zelo kvalitetna. Velikost mre\u017ee z mozaikom je 31,6&#215;31,6 cm, kar omogo\u010da enostavno polaganje. Debelina plo\u0161\u010dice je zelo pomembna in 5 mm uvr\u0161\u010da ta mozaik med najkvalitetnej\u0161e. Namesto 41,09 EUR kot bi za ta mozaik od\u0161teli v klasi\u010dni trgovini, boste v na\u0161i spletni prodajalni od\u0161teli [&hellip;]<\/p>\n","protected":false},"featured_media":101571,"template":"","meta":[],"product_cat":[999405,400,999,410],"product_tag":[],"_links":{"self":[{"href":"https:\/\/www.keramika.com\/slovenija\/wp-json\/wp\/v2\/product\/101570"}],"collection":[{"href":"https:\/\/www.keramika.com\/slovenija\/wp-json\/wp\/v2\/product"}],"about":[{"href":"https:\/\/www.keramika.com\/slovenija\/wp-json\/wp\/v2\/types\/product"}],"wp:featuredmedia":[{"embeddable":true,"href":"https:\/\/www.keramika.com\/slovenija\/wp-json\/wp\/v2\/media\/101571"}],"wp:attachment":[{"href":"https:\/\/www.keramika.com\/slovenija\/wp-json\/wp\/v2\/media?parent=101570"}],"wp:term":[{"taxonomy":"product_cat","embeddable":true,"href":"https:\/\/www.keramika.com\/slovenija\/wp-json\/wp\/v2\/product_cat?post=101570"},{"taxonomy":"product_tag","embeddable":true,"href":"https:\/\/www.keramika.com\/slovenija\/wp-json\/wp\/v2\/product_tag?post=101570"}],"curies":[{"name":"wp","href":"https:\/\/api.w.org\/{rel}","templated":true}]}}