{"id":101548,"date":"2017-03-22T22:58:22","date_gmt":"2017-03-22T22:58:22","guid":{"rendered":"http:\/\/keramika.holest.com\/slovenija\/product\/mozaik-ploscice-za-kopalnico-combi-3-101201\/"},"modified":"2026-01-01T00:03:28","modified_gmt":"2026-01-01T00:03:28","slug":"mozaik-ploscice-za-kopalnico-combi-3-101201","status":"publish","type":"product","link":"https:\/\/www.keramika.com\/slovenija\/mozaik-ploscice-za-kopalnico-combi-3-101201\/","title":{"rendered":"Mozaik plo\u0161\u010dice za kopalnico Combi 3 (101+201)"},"content":{"rendered":"<p>Dimenzije mre\u017ee na katero je pripet ta mozaik so 31,6&#215;31,6 cm. Mre\u017ea omogo\u010da enostavnej\u0161e polaganje. Letos so mozaiki v beli barvi zelo za\u017eeljeni. 5 mm je debelina, ki zadovolji tudi zahtevnej\u0161e kupce. Mosaic Combi 3 (101+201) je plo\u0161\u010dica proizvajalca Mosavit in prihaja iz \u0160panije. V redni prodaji bi morali za ta mozaik od\u0161teti 34,22 EUR, spletna cena pa zna\u0161a le 27,38 EUR.<\/p>\n<p>Technical description: <\/p>\n<p>Min. 1 box &#8211; Delivery 30 Euro\/box in EU<\/p>\n","protected":false},"excerpt":{"rendered":"<p>Dimenzije mre\u017ee na katero je pripet ta mozaik so 31,6&#215;31,6 cm. Mre\u017ea omogo\u010da enostavnej\u0161e polaganje. Letos so mozaiki v beli barvi zelo za\u017eeljeni. 5 mm je debelina, ki zadovolji tudi zahtevnej\u0161e kupce. Mosaic Combi 3 (101+201) je plo\u0161\u010dica proizvajalca Mosavit in prihaja iz \u0160panije. V redni prodaji bi morali za ta mozaik od\u0161teti 34,22 EUR, [&hellip;]<\/p>\n","protected":false},"featured_media":101549,"template":"","meta":[],"product_cat":[999405,400,999,410],"product_tag":[],"_links":{"self":[{"href":"https:\/\/www.keramika.com\/slovenija\/wp-json\/wp\/v2\/product\/101548"}],"collection":[{"href":"https:\/\/www.keramika.com\/slovenija\/wp-json\/wp\/v2\/product"}],"about":[{"href":"https:\/\/www.keramika.com\/slovenija\/wp-json\/wp\/v2\/types\/product"}],"wp:featuredmedia":[{"embeddable":true,"href":"https:\/\/www.keramika.com\/slovenija\/wp-json\/wp\/v2\/media\/101549"}],"wp:attachment":[{"href":"https:\/\/www.keramika.com\/slovenija\/wp-json\/wp\/v2\/media?parent=101548"}],"wp:term":[{"taxonomy":"product_cat","embeddable":true,"href":"https:\/\/www.keramika.com\/slovenija\/wp-json\/wp\/v2\/product_cat?post=101548"},{"taxonomy":"product_tag","embeddable":true,"href":"https:\/\/www.keramika.com\/slovenija\/wp-json\/wp\/v2\/product_tag?post=101548"}],"curies":[{"name":"wp","href":"https:\/\/api.w.org\/{rel}","templated":true}]}}