{"id":101540,"date":"2017-07-22T22:58:14","date_gmt":"2017-07-22T22:58:14","guid":{"rendered":"http:\/\/keramika.holest.com\/slovenija\/product\/mozaik-ploscice-mosavit-metalica-inox\/"},"modified":"2026-01-01T00:03:27","modified_gmt":"2026-01-01T00:03:27","slug":"mozaik-ploscice-mosavit-metalica-inox","status":"publish","type":"product","link":"https:\/\/www.keramika.com\/slovenija\/mozaik-ploscice-mosavit-metalica-inox\/","title":{"rendered":"Mozaik plo\u0161\u010dice Mosavit Metalica Inox"},"content":{"rendered":"<p>Mosaic Metalica Inox je pripeljana iz \u0160panije in je zelo kvalitetna. Mozaik na sliki je pripet na mre\u017eo, kar olaj\u0161a njegovo polaganje. Mre\u017ea je velika 31,6&#215;31,6 cm. Namesto 137,5 EUR kot bi za ta mozaik od\u0161teli v klasi\u010dni trgovini, boste v na\u0161i spletni prodajalni od\u0161teli le 110 EUR. Ta mozaik je debel 5 mm in je zelo trpe\u017een. Ta model mozaik plo\u0161\u010dic se najbolje prodaja v srebrni barvi.<br \/>\nVelikost mre\u017ee: 31,6 x 31,6 cm<br \/>\nVelikost plo\u0161\u010dice: 2,5 x 2,5 cm<br \/>\nBarva: srebro<br \/>\nLastnosti:<br \/>\nKovinske barve<br \/>\nNi primeren za bazene<br \/>\nTehni\u010dni opis:<br \/>\n9 kosov \/ \u0161katla (31,6&#215;31,6)<br \/>\n10,2 kg \/ \u0161katla<br \/>\nMin. 1 \u0161katla &#8211; dostava 30 evrov \/ \u0161katla v EU<\/p>\n","protected":false},"excerpt":{"rendered":"<p>Steklene mozai\u010dne plo\u0161\u010dice &#8211; srebro.<\/p>\n","protected":false},"featured_media":101541,"template":"","meta":[],"product_cat":[999405,400,999,410],"product_tag":[99950091],"_links":{"self":[{"href":"https:\/\/www.keramika.com\/slovenija\/wp-json\/wp\/v2\/product\/101540"}],"collection":[{"href":"https:\/\/www.keramika.com\/slovenija\/wp-json\/wp\/v2\/product"}],"about":[{"href":"https:\/\/www.keramika.com\/slovenija\/wp-json\/wp\/v2\/types\/product"}],"wp:featuredmedia":[{"embeddable":true,"href":"https:\/\/www.keramika.com\/slovenija\/wp-json\/wp\/v2\/media\/101541"}],"wp:attachment":[{"href":"https:\/\/www.keramika.com\/slovenija\/wp-json\/wp\/v2\/media?parent=101540"}],"wp:term":[{"taxonomy":"product_cat","embeddable":true,"href":"https:\/\/www.keramika.com\/slovenija\/wp-json\/wp\/v2\/product_cat?post=101540"},{"taxonomy":"product_tag","embeddable":true,"href":"https:\/\/www.keramika.com\/slovenija\/wp-json\/wp\/v2\/product_tag?post=101540"}],"curies":[{"name":"wp","href":"https:\/\/api.w.org\/{rel}","templated":true}]}}