{"id":101526,"date":"2017-03-22T22:58:00","date_gmt":"2017-03-22T22:58:00","guid":{"rendered":"http:\/\/keramika.holest.com\/slovenija\/product\/mozaik-ploscice-za-tla-mc-901-a-negro\/"},"modified":"2026-01-01T00:03:25","modified_gmt":"2026-01-01T00:03:25","slug":"mozaik-ploscice-za-tla-mc-901-a-negro","status":"publish","type":"product","link":"https:\/\/www.keramika.com\/slovenija\/mozaik-ploscice-za-tla-mc-901-a-negro\/","title":{"rendered":"Mozaik plo\u0161\u010dice za tla MC 901-A Negro"},"content":{"rendered":"<p>V redni prodaji bi morali za ta mozaik od\u0161teti 56,09 EUR, spletna cena pa zna\u0161a le 44,88 EUR. 5 mm je debelina, ki zadovolji tudi zahtevnej\u0161e kupce. Mozaik na sliki je pripet na mre\u017eo, kar olaj\u0161a njegovo polaganje. Mre\u017ea je velika 31,6&#215;31,6 cm. Zelo moderen mozaik v dominanti \u010drni barvi popestri prav vsak prostor. Mosaic MC 901-A Negro je plo\u0161\u010dica proizvajalca Mosavit in prihaja iz \u0160panije.<\/p>\n<p>Technical description: <\/p>\n<p>Min. 1 box &#8211; Delivery 30 Euro\/box in EU<\/p>\n","protected":false},"excerpt":{"rendered":"<p>V redni prodaji bi morali za ta mozaik od\u0161teti 56,09 EUR, spletna cena pa zna\u0161a le 44,88 EUR. 5 mm je debelina, ki zadovolji tudi zahtevnej\u0161e kupce. Mozaik na sliki je pripet na mre\u017eo, kar olaj\u0161a njegovo polaganje. Mre\u017ea je velika 31,6&#215;31,6 cm. Zelo moderen mozaik v dominanti \u010drni barvi popestri prav vsak prostor. Mosaic [&hellip;]<\/p>\n","protected":false},"featured_media":101527,"template":"","meta":[],"product_cat":[999405,400,999,410],"product_tag":[],"_links":{"self":[{"href":"https:\/\/www.keramika.com\/slovenija\/wp-json\/wp\/v2\/product\/101526"}],"collection":[{"href":"https:\/\/www.keramika.com\/slovenija\/wp-json\/wp\/v2\/product"}],"about":[{"href":"https:\/\/www.keramika.com\/slovenija\/wp-json\/wp\/v2\/types\/product"}],"wp:featuredmedia":[{"embeddable":true,"href":"https:\/\/www.keramika.com\/slovenija\/wp-json\/wp\/v2\/media\/101527"}],"wp:attachment":[{"href":"https:\/\/www.keramika.com\/slovenija\/wp-json\/wp\/v2\/media?parent=101526"}],"wp:term":[{"taxonomy":"product_cat","embeddable":true,"href":"https:\/\/www.keramika.com\/slovenija\/wp-json\/wp\/v2\/product_cat?post=101526"},{"taxonomy":"product_tag","embeddable":true,"href":"https:\/\/www.keramika.com\/slovenija\/wp-json\/wp\/v2\/product_tag?post=101526"}],"curies":[{"name":"wp","href":"https:\/\/api.w.org\/{rel}","templated":true}]}}