{"id":101514,"date":"2017-03-22T22:57:45","date_gmt":"2017-03-22T22:57:45","guid":{"rendered":"http:\/\/keramika.holest.com\/slovenija\/product\/mozaik-ploscice-mosavit-fosvit-mezcla-corcega\/"},"modified":"2026-01-01T00:03:23","modified_gmt":"2026-01-01T00:03:23","slug":"mozaik-ploscice-mosavit-fosvit-mezcla-corcega","status":"publish","type":"product","link":"https:\/\/www.keramika.com\/slovenija\/mozaik-ploscice-mosavit-fosvit-mezcla-corcega\/","title":{"rendered":"Mozaik plo\u0161\u010dice Mosavit Fosvit Mezcla Corcega"},"content":{"rendered":"<p>5 mm debeline je dovolj tudi za zahtevnej\u0161e kupce. Fosvit Mezcla Corcega prihaja iz \u0160panije, ki je znana po zelo kvalitetni keramiki v svetovnem merilu. Letos so mozaiki v modri barvi zelo za\u017eeljeni. Dimenzije mre\u017ee na katero je pripet ta mozaik so 31,6&#215;31,6 cm. Mre\u017ea omogo\u010da enostavnej\u0161e polaganje. Redna cena tega mozaika v maloprodaji zna\u0161a 343,75 EUR, v na\u0161i spletni trgovini pa ga lahko dobite \u017ee za 275 EUR.<\/p>\n<p>Technical description: <\/p>\n<p>Min. 1 box &#8211; Delivery 30 Euro\/box in EU<\/p>\n","protected":false},"excerpt":{"rendered":"<p>5 mm debeline je dovolj tudi za zahtevnej\u0161e kupce. Fosvit Mezcla Corcega prihaja iz \u0160panije, ki je znana po zelo kvalitetni keramiki v svetovnem merilu. Letos so mozaiki v modri barvi zelo za\u017eeljeni. Dimenzije mre\u017ee na katero je pripet ta mozaik so 31,6&#215;31,6 cm. Mre\u017ea omogo\u010da enostavnej\u0161e polaganje. Redna cena tega mozaika v maloprodaji zna\u0161a [&hellip;]<\/p>\n","protected":false},"featured_media":101515,"template":"","meta":[],"product_cat":[999405,400,999,410],"product_tag":[],"_links":{"self":[{"href":"https:\/\/www.keramika.com\/slovenija\/wp-json\/wp\/v2\/product\/101514"}],"collection":[{"href":"https:\/\/www.keramika.com\/slovenija\/wp-json\/wp\/v2\/product"}],"about":[{"href":"https:\/\/www.keramika.com\/slovenija\/wp-json\/wp\/v2\/types\/product"}],"wp:featuredmedia":[{"embeddable":true,"href":"https:\/\/www.keramika.com\/slovenija\/wp-json\/wp\/v2\/media\/101515"}],"wp:attachment":[{"href":"https:\/\/www.keramika.com\/slovenija\/wp-json\/wp\/v2\/media?parent=101514"}],"wp:term":[{"taxonomy":"product_cat","embeddable":true,"href":"https:\/\/www.keramika.com\/slovenija\/wp-json\/wp\/v2\/product_cat?post=101514"},{"taxonomy":"product_tag","embeddable":true,"href":"https:\/\/www.keramika.com\/slovenija\/wp-json\/wp\/v2\/product_tag?post=101514"}],"curies":[{"name":"wp","href":"https:\/\/api.w.org\/{rel}","templated":true}]}}