{"id":101510,"date":"2017-03-22T22:57:40","date_gmt":"2017-03-22T22:57:40","guid":{"rendered":"http:\/\/keramika.holest.com\/slovenija\/product\/mozaik-ploscice-mosavit-fosvit-aquaris-acquazul\/"},"modified":"2026-01-01T00:03:22","modified_gmt":"2026-01-01T00:03:22","slug":"mozaik-ploscice-mosavit-fosvit-aquaris-acquazul","status":"publish","type":"product","link":"https:\/\/www.keramika.com\/slovenija\/mozaik-ploscice-mosavit-fosvit-aquaris-acquazul\/","title":{"rendered":"Mozaik plo\u0161\u010dice Mosavit Fosvit Aquaris Acquazul"},"content":{"rendered":"<p>Mosaic Fosvit Aquaris Acquazul je plo\u0161\u010dica proizvajalca Mosavit in prihaja iz \u0160panije. Ta mozaik je debel 5 mm in je zelo trpe\u017een. Ta mozaik plo\u0161\u010dica v \u010dudoviti modri barvi bo obogatila vsak prostor. \u0160irina in dol\u017eina mre\u017ee na katero je pripet ta mozaik sta 31,6&#215;31,6 cm. Mre\u017eo lahko enostavno polo\u017eite na razli\u010dne povr\u0161ine. Namesto 343,75 EUR kot bi za ta mozaik od\u0161teli v klasi\u010dni trgovini, boste v na\u0161i spletni prodajalni od\u0161teli le 275 EUR.<\/p>\n<p>Technical description: <\/p>\n<p>Min. 1 box &#8211; Delivery 30 Euro\/box in EU<\/p>\n","protected":false},"excerpt":{"rendered":"<p>Mosaic Fosvit Aquaris Acquazul je plo\u0161\u010dica proizvajalca Mosavit in prihaja iz \u0160panije. Ta mozaik je debel 5 mm in je zelo trpe\u017een. Ta mozaik plo\u0161\u010dica v \u010dudoviti modri barvi bo obogatila vsak prostor. \u0160irina in dol\u017eina mre\u017ee na katero je pripet ta mozaik sta 31,6&#215;31,6 cm. Mre\u017eo lahko enostavno polo\u017eite na razli\u010dne povr\u0161ine. Namesto 343,75 [&hellip;]<\/p>\n","protected":false},"featured_media":101511,"template":"","meta":[],"product_cat":[999405,400,999,410],"product_tag":[],"_links":{"self":[{"href":"https:\/\/www.keramika.com\/slovenija\/wp-json\/wp\/v2\/product\/101510"}],"collection":[{"href":"https:\/\/www.keramika.com\/slovenija\/wp-json\/wp\/v2\/product"}],"about":[{"href":"https:\/\/www.keramika.com\/slovenija\/wp-json\/wp\/v2\/types\/product"}],"wp:featuredmedia":[{"embeddable":true,"href":"https:\/\/www.keramika.com\/slovenija\/wp-json\/wp\/v2\/media\/101511"}],"wp:attachment":[{"href":"https:\/\/www.keramika.com\/slovenija\/wp-json\/wp\/v2\/media?parent=101510"}],"wp:term":[{"taxonomy":"product_cat","embeddable":true,"href":"https:\/\/www.keramika.com\/slovenija\/wp-json\/wp\/v2\/product_cat?post=101510"},{"taxonomy":"product_tag","embeddable":true,"href":"https:\/\/www.keramika.com\/slovenija\/wp-json\/wp\/v2\/product_tag?post=101510"}],"curies":[{"name":"wp","href":"https:\/\/api.w.org\/{rel}","templated":true}]}}