{"id":101508,"date":"2017-03-22T22:57:37","date_gmt":"2017-03-22T22:57:37","guid":{"rendered":"http:\/\/keramika.holest.com\/slovenija\/product\/mozaik-ploscice-mosavit-fosvit-acquazul\/"},"modified":"2026-01-01T00:03:22","modified_gmt":"2026-01-01T00:03:22","slug":"mozaik-ploscice-mosavit-fosvit-acquazul","status":"publish","type":"product","link":"https:\/\/www.keramika.com\/slovenija\/mozaik-ploscice-mosavit-fosvit-acquazul\/","title":{"rendered":"Mozaik plo\u0161\u010dice Mosavit Fosvit Acquazul"},"content":{"rendered":"<p>\u0160irina in dol\u017eina mre\u017ee na katero je pripet ta mozaik sta 31,6&#215;31,6 cm. Mre\u017eo lahko enostavno polo\u017eite na razli\u010dne povr\u0161ine. Keramika v modri barvi popestri vsak prostor. Ta mozaik je debel 5 mm in je zelo trpe\u017een. Mosaic Fosvit Acquazul prihaja iz \u0160panije, ki je znana po zelo kvalitetni keramiki v svetovnem merilu. 265,62 EUR v klasi\u010dni trgovini, pri nas pa le 212,5 EUR.<\/p>\n<p>Technical description: <\/p>\n<p>Min. 1 box &#8211; Delivery 30 Euro\/box in EU<\/p>\n","protected":false},"excerpt":{"rendered":"<p>\u0160irina in dol\u017eina mre\u017ee na katero je pripet ta mozaik sta 31,6&#215;31,6 cm. Mre\u017eo lahko enostavno polo\u017eite na razli\u010dne povr\u0161ine. Keramika v modri barvi popestri vsak prostor. Ta mozaik je debel 5 mm in je zelo trpe\u017een. Mosaic Fosvit Acquazul prihaja iz \u0160panije, ki je znana po zelo kvalitetni keramiki v svetovnem merilu. 265,62 EUR [&hellip;]<\/p>\n","protected":false},"featured_media":101509,"template":"","meta":[],"product_cat":[999405,400,999,410],"product_tag":[],"_links":{"self":[{"href":"https:\/\/www.keramika.com\/slovenija\/wp-json\/wp\/v2\/product\/101508"}],"collection":[{"href":"https:\/\/www.keramika.com\/slovenija\/wp-json\/wp\/v2\/product"}],"about":[{"href":"https:\/\/www.keramika.com\/slovenija\/wp-json\/wp\/v2\/types\/product"}],"wp:featuredmedia":[{"embeddable":true,"href":"https:\/\/www.keramika.com\/slovenija\/wp-json\/wp\/v2\/media\/101509"}],"wp:attachment":[{"href":"https:\/\/www.keramika.com\/slovenija\/wp-json\/wp\/v2\/media?parent=101508"}],"wp:term":[{"taxonomy":"product_cat","embeddable":true,"href":"https:\/\/www.keramika.com\/slovenija\/wp-json\/wp\/v2\/product_cat?post=101508"},{"taxonomy":"product_tag","embeddable":true,"href":"https:\/\/www.keramika.com\/slovenija\/wp-json\/wp\/v2\/product_tag?post=101508"}],"curies":[{"name":"wp","href":"https:\/\/api.w.org\/{rel}","templated":true}]}}