{"id":101488,"date":"2017-03-22T22:57:18","date_gmt":"2017-03-22T22:57:18","guid":{"rendered":"http:\/\/keramika.holest.com\/slovenija\/product\/mozaik-ploscice-za-stene-degradado-bicolor-negro\/"},"modified":"2026-01-01T00:03:20","modified_gmt":"2026-01-01T00:03:20","slug":"mozaik-ploscice-za-stene-degradado-bicolor-negro","status":"publish","type":"product","link":"https:\/\/www.keramika.com\/slovenija\/mozaik-ploscice-za-stene-degradado-bicolor-negro\/","title":{"rendered":"Mozaik plo\u0161\u010dice za stene Degradado bicolor negro"},"content":{"rendered":"<p>Mozaik na sliki je pripet na mre\u017eo, kar olaj\u0161a njegovo polaganje. Mre\u017ea je velika 31,6&#215;31,6 cm. Ta mozaik je izdelal proizvajalec Mosavit, ki prihaja iz \u0160panije. Pri izbiri mozaika v glavni beli barvi ne morete zgre\u0161iti. Na spletu boste za ta mozaik od\u0161teli le 60,25 EUR, medtem ko v redni prodaji cena zna\u0161a 75,31 EUR. 5 mm debeline je dovolj tudi za zahtevnej\u0161e kupce.<\/p>\n<p>Technical description: <\/p>\n<p>Min. 1 box &#8211; Delivery 30 Euro\/box in EU<\/p>\n","protected":false},"excerpt":{"rendered":"<p>Mozaik na sliki je pripet na mre\u017eo, kar olaj\u0161a njegovo polaganje. Mre\u017ea je velika 31,6&#215;31,6 cm. Ta mozaik je izdelal proizvajalec Mosavit, ki prihaja iz \u0160panije. Pri izbiri mozaika v glavni beli barvi ne morete zgre\u0161iti. Na spletu boste za ta mozaik od\u0161teli le 60,25 EUR, medtem ko v redni prodaji cena zna\u0161a 75,31 EUR. [&hellip;]<\/p>\n","protected":false},"featured_media":101489,"template":"","meta":[],"product_cat":[999405,400,999,410],"product_tag":[],"_links":{"self":[{"href":"https:\/\/www.keramika.com\/slovenija\/wp-json\/wp\/v2\/product\/101488"}],"collection":[{"href":"https:\/\/www.keramika.com\/slovenija\/wp-json\/wp\/v2\/product"}],"about":[{"href":"https:\/\/www.keramika.com\/slovenija\/wp-json\/wp\/v2\/types\/product"}],"wp:featuredmedia":[{"embeddable":true,"href":"https:\/\/www.keramika.com\/slovenija\/wp-json\/wp\/v2\/media\/101489"}],"wp:attachment":[{"href":"https:\/\/www.keramika.com\/slovenija\/wp-json\/wp\/v2\/media?parent=101488"}],"wp:term":[{"taxonomy":"product_cat","embeddable":true,"href":"https:\/\/www.keramika.com\/slovenija\/wp-json\/wp\/v2\/product_cat?post=101488"},{"taxonomy":"product_tag","embeddable":true,"href":"https:\/\/www.keramika.com\/slovenija\/wp-json\/wp\/v2\/product_tag?post=101488"}],"curies":[{"name":"wp","href":"https:\/\/api.w.org\/{rel}","templated":true}]}}