{"id":101484,"date":"2017-03-22T22:57:13","date_gmt":"2017-03-22T22:57:13","guid":{"rendered":"http:\/\/keramika.holest.com\/slovenija\/product\/mozaik-za-kuhinje-damero-101902\/"},"modified":"2026-01-01T00:03:20","modified_gmt":"2026-01-01T00:03:20","slug":"mozaik-za-kuhinje-damero-101902","status":"publish","type":"product","link":"https:\/\/www.keramika.com\/slovenija\/mozaik-za-kuhinje-damero-101902\/","title":{"rendered":"Mozaik za kuhinje Damero 101+902"},"content":{"rendered":"<p>Damero 101+902 je pripeljana iz \u0160panije in je zelo kvalitetna. V redni prodaji bi morali za ta mozaik od\u0161teti 85,94 EUR, spletna cena pa zna\u0161a le 68,75 EUR. 5 mm debeline je dovolj tudi za zahtevnej\u0161e kupce. Z 31,6&#215;31,6 cm je mre\u017ea na katero so pripete te mozaik plo\u0161\u010dice primerna za razli\u010dne podlage. Letos so mozaiki v beli barvi zelo za\u017eeljeni.<\/p>\n<p>Technical description: <\/p>\n<p>Min. 1 box &#8211; Delivery 30 Euro\/box in EU<\/p>\n","protected":false},"excerpt":{"rendered":"<p>Damero 101+902 je pripeljana iz \u0160panije in je zelo kvalitetna. V redni prodaji bi morali za ta mozaik od\u0161teti 85,94 EUR, spletna cena pa zna\u0161a le 68,75 EUR. 5 mm debeline je dovolj tudi za zahtevnej\u0161e kupce. Z 31,6&#215;31,6 cm je mre\u017ea na katero so pripete te mozaik plo\u0161\u010dice primerna za razli\u010dne podlage. Letos so [&hellip;]<\/p>\n","protected":false},"featured_media":101485,"template":"","meta":[],"product_cat":[999405,400,999,410],"product_tag":[],"_links":{"self":[{"href":"https:\/\/www.keramika.com\/slovenija\/wp-json\/wp\/v2\/product\/101484"}],"collection":[{"href":"https:\/\/www.keramika.com\/slovenija\/wp-json\/wp\/v2\/product"}],"about":[{"href":"https:\/\/www.keramika.com\/slovenija\/wp-json\/wp\/v2\/types\/product"}],"wp:featuredmedia":[{"embeddable":true,"href":"https:\/\/www.keramika.com\/slovenija\/wp-json\/wp\/v2\/media\/101485"}],"wp:attachment":[{"href":"https:\/\/www.keramika.com\/slovenija\/wp-json\/wp\/v2\/media?parent=101484"}],"wp:term":[{"taxonomy":"product_cat","embeddable":true,"href":"https:\/\/www.keramika.com\/slovenija\/wp-json\/wp\/v2\/product_cat?post=101484"},{"taxonomy":"product_tag","embeddable":true,"href":"https:\/\/www.keramika.com\/slovenija\/wp-json\/wp\/v2\/product_tag?post=101484"}],"curies":[{"name":"wp","href":"https:\/\/api.w.org\/{rel}","templated":true}]}}