{"id":101482,"date":"2017-03-22T22:57:11","date_gmt":"2017-03-22T22:57:11","guid":{"rendered":"http:\/\/keramika.holest.com\/slovenija\/product\/mozaik-za-kuhinje-damero-101901\/"},"modified":"2026-01-01T00:03:20","modified_gmt":"2026-01-01T00:03:20","slug":"mozaik-za-kuhinje-damero-101901","status":"publish","type":"product","link":"https:\/\/www.keramika.com\/slovenija\/mozaik-za-kuhinje-damero-101901\/","title":{"rendered":"Mozaik za kuhinje Damero 101+901"},"content":{"rendered":"<p>Keramika v beli barvi popestri vsak prostor. Z velikostjo mre\u017ee 31,6&#215;31,6 cm na katero je pripet, je ta mozaik primeren ze razli\u010dne povr\u0161ine. Ta mozaik plo\u0161\u010dica prihaja iz \u0160panije, ki je znana po kvalitetni keramiki. 5 mm debeline je dovolj tudi za zahtevnej\u0161e kupce. Na spletu boste za ta mozaik od\u0161teli le 56,25 EUR, medtem ko v redni prodaji cena zna\u0161a 70,31 EUR.<\/p>\n<p>Technical description: <\/p>\n<p>Min. 1 box &#8211; Delivery 30 Euro\/box in EU<\/p>\n","protected":false},"excerpt":{"rendered":"<p>Keramika v beli barvi popestri vsak prostor. Z velikostjo mre\u017ee 31,6&#215;31,6 cm na katero je pripet, je ta mozaik primeren ze razli\u010dne povr\u0161ine. Ta mozaik plo\u0161\u010dica prihaja iz \u0160panije, ki je znana po kvalitetni keramiki. 5 mm debeline je dovolj tudi za zahtevnej\u0161e kupce. Na spletu boste za ta mozaik od\u0161teli le 56,25 EUR, medtem [&hellip;]<\/p>\n","protected":false},"featured_media":101483,"template":"","meta":[],"product_cat":[999405,400,999,410],"product_tag":[],"_links":{"self":[{"href":"https:\/\/www.keramika.com\/slovenija\/wp-json\/wp\/v2\/product\/101482"}],"collection":[{"href":"https:\/\/www.keramika.com\/slovenija\/wp-json\/wp\/v2\/product"}],"about":[{"href":"https:\/\/www.keramika.com\/slovenija\/wp-json\/wp\/v2\/types\/product"}],"wp:featuredmedia":[{"embeddable":true,"href":"https:\/\/www.keramika.com\/slovenija\/wp-json\/wp\/v2\/media\/101483"}],"wp:attachment":[{"href":"https:\/\/www.keramika.com\/slovenija\/wp-json\/wp\/v2\/media?parent=101482"}],"wp:term":[{"taxonomy":"product_cat","embeddable":true,"href":"https:\/\/www.keramika.com\/slovenija\/wp-json\/wp\/v2\/product_cat?post=101482"},{"taxonomy":"product_tag","embeddable":true,"href":"https:\/\/www.keramika.com\/slovenija\/wp-json\/wp\/v2\/product_tag?post=101482"}],"curies":[{"name":"wp","href":"https:\/\/api.w.org\/{rel}","templated":true}]}}