{"id":101480,"date":"2017-03-22T22:57:08","date_gmt":"2017-03-22T22:57:08","guid":{"rendered":"http:\/\/keramika.holest.com\/slovenija\/product\/mozaik-za-kuhinje-damero-101301\/"},"modified":"2026-01-01T00:03:20","modified_gmt":"2026-01-01T00:03:20","slug":"mozaik-za-kuhinje-damero-101301","status":"publish","type":"product","link":"https:\/\/www.keramika.com\/slovenija\/mozaik-za-kuhinje-damero-101301\/","title":{"rendered":"Mozaik za kuhinje Damero 101+301"},"content":{"rendered":"<p>Z 31,6&#215;31,6 cm je mre\u017ea na katero so pripete te mozaik plo\u0161\u010dice primerna za razli\u010dne podlage. Ta mozaik je debel 5 mm in je zelo trpe\u017een. Ta mozaik je izdelal proizvajalec Mosavit, ki prihaja iz \u0160panije. Zelo moderen mozaik v dominanti beli barvi popestri prav vsak prostor. 70,31 EUR v klasi\u010dni trgovini, pri nas pa le 56,25 EUR.<\/p>\n<p>Technical description: <\/p>\n<p>Min. 1 box &#8211; Delivery 30 Euro\/box in EU<\/p>\n","protected":false},"excerpt":{"rendered":"<p>Z 31,6&#215;31,6 cm je mre\u017ea na katero so pripete te mozaik plo\u0161\u010dice primerna za razli\u010dne podlage. Ta mozaik je debel 5 mm in je zelo trpe\u017een. Ta mozaik je izdelal proizvajalec Mosavit, ki prihaja iz \u0160panije. Zelo moderen mozaik v dominanti beli barvi popestri prav vsak prostor. 70,31 EUR v klasi\u010dni trgovini, pri nas pa [&hellip;]<\/p>\n","protected":false},"featured_media":101481,"template":"","meta":[],"product_cat":[999405,400,999,410],"product_tag":[],"_links":{"self":[{"href":"https:\/\/www.keramika.com\/slovenija\/wp-json\/wp\/v2\/product\/101480"}],"collection":[{"href":"https:\/\/www.keramika.com\/slovenija\/wp-json\/wp\/v2\/product"}],"about":[{"href":"https:\/\/www.keramika.com\/slovenija\/wp-json\/wp\/v2\/types\/product"}],"wp:featuredmedia":[{"embeddable":true,"href":"https:\/\/www.keramika.com\/slovenija\/wp-json\/wp\/v2\/media\/101481"}],"wp:attachment":[{"href":"https:\/\/www.keramika.com\/slovenija\/wp-json\/wp\/v2\/media?parent=101480"}],"wp:term":[{"taxonomy":"product_cat","embeddable":true,"href":"https:\/\/www.keramika.com\/slovenija\/wp-json\/wp\/v2\/product_cat?post=101480"},{"taxonomy":"product_tag","embeddable":true,"href":"https:\/\/www.keramika.com\/slovenija\/wp-json\/wp\/v2\/product_tag?post=101480"}],"curies":[{"name":"wp","href":"https:\/\/api.w.org\/{rel}","templated":true}]}}