{"id":101478,"date":"2017-03-22T22:57:06","date_gmt":"2017-03-22T22:57:06","guid":{"rendered":"http:\/\/keramika.holest.com\/slovenija\/product\/mozaik-za-kuhinje-damero-101202\/"},"modified":"2026-01-01T00:03:19","modified_gmt":"2026-01-01T00:03:19","slug":"mozaik-za-kuhinje-damero-101202","status":"publish","type":"product","link":"https:\/\/www.keramika.com\/slovenija\/mozaik-za-kuhinje-damero-101202\/","title":{"rendered":"Mozaik za kuhinje Damero 101+202"},"content":{"rendered":"<p>Prihaja iz \u0160panije, ki po svetu slovi kot ena bolj\u0161ih proizvajalk kerami\u010dnih plo\u0161\u010dic. Mozaik dobite pripet na mre\u017eo, kar olaj\u0161a njegovo polaganje. Velikost mre\u017ee je 31,6&#215;31,6 cm in je primerna za razli\u010dne povr\u0161ine. 70,31 EUR v klasi\u010dni trgovini, pri nas pa le 56,25 EUR. Ta mozaik plo\u0161\u010dica v \u010dudoviti beli barvi bo obogatila vsak prostor. 5 mm je debelina, ki zadovolji tudi zahtevnej\u0161e kupce.<\/p>\n<p>Technical description: <\/p>\n<p>Min. 1 box &#8211; Delivery 30 Euro\/box in EU<\/p>\n","protected":false},"excerpt":{"rendered":"<p>Prihaja iz \u0160panije, ki po svetu slovi kot ena bolj\u0161ih proizvajalk kerami\u010dnih plo\u0161\u010dic. Mozaik dobite pripet na mre\u017eo, kar olaj\u0161a njegovo polaganje. Velikost mre\u017ee je 31,6&#215;31,6 cm in je primerna za razli\u010dne povr\u0161ine. 70,31 EUR v klasi\u010dni trgovini, pri nas pa le 56,25 EUR. Ta mozaik plo\u0161\u010dica v \u010dudoviti beli barvi bo obogatila vsak prostor. [&hellip;]<\/p>\n","protected":false},"featured_media":101479,"template":"","meta":[],"product_cat":[999405,400,999,410],"product_tag":[],"_links":{"self":[{"href":"https:\/\/www.keramika.com\/slovenija\/wp-json\/wp\/v2\/product\/101478"}],"collection":[{"href":"https:\/\/www.keramika.com\/slovenija\/wp-json\/wp\/v2\/product"}],"about":[{"href":"https:\/\/www.keramika.com\/slovenija\/wp-json\/wp\/v2\/types\/product"}],"wp:featuredmedia":[{"embeddable":true,"href":"https:\/\/www.keramika.com\/slovenija\/wp-json\/wp\/v2\/media\/101479"}],"wp:attachment":[{"href":"https:\/\/www.keramika.com\/slovenija\/wp-json\/wp\/v2\/media?parent=101478"}],"wp:term":[{"taxonomy":"product_cat","embeddable":true,"href":"https:\/\/www.keramika.com\/slovenija\/wp-json\/wp\/v2\/product_cat?post=101478"},{"taxonomy":"product_tag","embeddable":true,"href":"https:\/\/www.keramika.com\/slovenija\/wp-json\/wp\/v2\/product_tag?post=101478"}],"curies":[{"name":"wp","href":"https:\/\/api.w.org\/{rel}","templated":true}]}}