{"id":101476,"date":"2017-08-22T22:57:04","date_gmt":"2017-08-22T22:57:04","guid":{"rendered":"http:\/\/keramika.holest.com\/slovenija\/product\/hd-steklene-mozaik-ploscice-climbing\/"},"modified":"2026-01-01T00:03:19","modified_gmt":"2026-01-01T00:03:19","slug":"hd-steklene-mozaik-ploscice-climbing","status":"publish","type":"product","link":"https:\/\/www.keramika.com\/slovenija\/hd-steklene-mozaik-ploscice-climbing\/","title":{"rendered":"HD Steklene mozaik plo\u0161\u010dice Climbing"},"content":{"rendered":"<p><span style=\"color: #3366ff;\"><strong>Unikatni mozaik!<\/strong><\/span><br \/>\n<span style=\"color: #3366ff;\"><strong> Po\u0161ljite nam va\u0161o fotografijo. Originalni na\u010din izdelave steklenega mozaika nam omogo\u010da, da to fotografijo prenesemo in vtisnemo v steklo.<\/strong><\/span><br \/>\n<span style=\"color: #3366ff;\"><strong> Lepota, ki traja!<\/strong><\/span><\/p>\n<p>Mozaik je debel kar 5 mm, kar ga uvr\u0161\u010da med bolj trde mozaik plo\u0161\u010dice. Pri izbiri mozaika v glavni beli barvi ne morete zgre\u0161iti. Ta mozaik plo\u0161\u010dica prihaja iz \u0160panije, ki je znana po kvalitetni keramiki. Mozaik na sliki je pripet na mre\u017eo, kar olaj\u0161a njegovo polaganje. Mre\u017ea je velika 31,6&#215;31,6 cm. Redna cena tega mozaika v maloprodaji zna\u0161a 562,5 EUR, v na\u0161i spletni trgovini pa ga lahko dobite \u017ee za 390 EUR.<\/p>\n<p>Technical description: High definition ceramics \u2013 For a project or for your bathroom, high definition ceramics is a great way to get ceramics exactly as you want it, completely unique! How does it work? You send us any picture by your desire and we impetrate it into glass mosai<\/p>\n","protected":false},"excerpt":{"rendered":"<p>Unikatni mozaik! Po\u0161ljite nam va\u0161o fotografijo. Originalni na\u010din izdelave steklenega mozaika nam omogo\u010da, da to fotografijo prenesemo in vtisnemo v steklo. Lepota, ki traja! Mozaik je debel kar 5 mm, kar ga uvr\u0161\u010da med bolj trde mozaik plo\u0161\u010dice. Pri izbiri mozaika v glavni beli barvi ne morete zgre\u0161iti. Ta mozaik plo\u0161\u010dica prihaja iz \u0160panije, ki [&hellip;]<\/p>\n","protected":false},"featured_media":101477,"template":"","meta":[],"product_cat":[999405,999,410,300],"product_tag":[99950092],"_links":{"self":[{"href":"https:\/\/www.keramika.com\/slovenija\/wp-json\/wp\/v2\/product\/101476"}],"collection":[{"href":"https:\/\/www.keramika.com\/slovenija\/wp-json\/wp\/v2\/product"}],"about":[{"href":"https:\/\/www.keramika.com\/slovenija\/wp-json\/wp\/v2\/types\/product"}],"wp:featuredmedia":[{"embeddable":true,"href":"https:\/\/www.keramika.com\/slovenija\/wp-json\/wp\/v2\/media\/101477"}],"wp:attachment":[{"href":"https:\/\/www.keramika.com\/slovenija\/wp-json\/wp\/v2\/media?parent=101476"}],"wp:term":[{"taxonomy":"product_cat","embeddable":true,"href":"https:\/\/www.keramika.com\/slovenija\/wp-json\/wp\/v2\/product_cat?post=101476"},{"taxonomy":"product_tag","embeddable":true,"href":"https:\/\/www.keramika.com\/slovenija\/wp-json\/wp\/v2\/product_tag?post=101476"}],"curies":[{"name":"wp","href":"https:\/\/api.w.org\/{rel}","templated":true}]}}