{"id":101468,"date":"2017-03-22T22:56:55","date_gmt":"2017-03-22T22:56:55","guid":{"rendered":"http:\/\/keramika.holest.com\/slovenija\/product\/mozaik-ploscice-za-bazene-bruma-9003-rojo\/"},"modified":"2026-01-01T00:03:18","modified_gmt":"2026-01-01T00:03:18","slug":"mozaik-ploscice-za-bazene-bruma-9003-rojo","status":"publish","type":"product","link":"https:\/\/www.keramika.com\/slovenija\/mozaik-ploscice-za-bazene-bruma-9003-rojo\/","title":{"rendered":"Mozaik plo\u0161\u010dice za bazene Bruma 9003 Rojo"},"content":{"rendered":"<p>Velikost mre\u017ee z mozaikom je 31,6&#215;31,6 cm, kar omogo\u010da enostavno polaganje. Redna cena tega mozaika v maloprodaji zna\u0161a 49,84 EUR, v na\u0161i spletni trgovini pa ga lahko dobite \u017ee za 39,88 EUR. Ta mozaik plo\u0161\u010dica v \u010dudoviti rde\u010di barvi bo obogatila vsak prostor. 5 mm debeline je dovolj tudi za zahtevnej\u0161e kupce. Mosaic Bruma 9003 Rojo je plo\u0161\u010dica proizvajalca Mosavit in prihaja iz \u0160panije.<\/p>\n<p>Technical description: <\/p>\n<p>Min. 1 box &#8211; Delivery 30 Euro\/box in EU<\/p>\n","protected":false},"excerpt":{"rendered":"<p>Velikost mre\u017ee z mozaikom je 31,6&#215;31,6 cm, kar omogo\u010da enostavno polaganje. Redna cena tega mozaika v maloprodaji zna\u0161a 49,84 EUR, v na\u0161i spletni trgovini pa ga lahko dobite \u017ee za 39,88 EUR. Ta mozaik plo\u0161\u010dica v \u010dudoviti rde\u010di barvi bo obogatila vsak prostor. 5 mm debeline je dovolj tudi za zahtevnej\u0161e kupce. Mosaic Bruma 9003 [&hellip;]<\/p>\n","protected":false},"featured_media":101469,"template":"","meta":[],"product_cat":[999405,400,999,410],"product_tag":[99921989,99921990],"_links":{"self":[{"href":"https:\/\/www.keramika.com\/slovenija\/wp-json\/wp\/v2\/product\/101468"}],"collection":[{"href":"https:\/\/www.keramika.com\/slovenija\/wp-json\/wp\/v2\/product"}],"about":[{"href":"https:\/\/www.keramika.com\/slovenija\/wp-json\/wp\/v2\/types\/product"}],"wp:featuredmedia":[{"embeddable":true,"href":"https:\/\/www.keramika.com\/slovenija\/wp-json\/wp\/v2\/media\/101469"}],"wp:attachment":[{"href":"https:\/\/www.keramika.com\/slovenija\/wp-json\/wp\/v2\/media?parent=101468"}],"wp:term":[{"taxonomy":"product_cat","embeddable":true,"href":"https:\/\/www.keramika.com\/slovenija\/wp-json\/wp\/v2\/product_cat?post=101468"},{"taxonomy":"product_tag","embeddable":true,"href":"https:\/\/www.keramika.com\/slovenija\/wp-json\/wp\/v2\/product_tag?post=101468"}],"curies":[{"name":"wp","href":"https:\/\/api.w.org\/{rel}","templated":true}]}}