{"id":101456,"date":"2017-03-22T22:56:44","date_gmt":"2017-03-22T22:56:44","guid":{"rendered":"http:\/\/keramika.holest.com\/slovenija\/product\/mozaik-ploscice-za-bazene-bruma-2003-azul-turquesa\/"},"modified":"2026-01-01T00:03:16","modified_gmt":"2026-01-01T00:03:16","slug":"mozaik-ploscice-za-bazene-bruma-2003-azul-turquesa","status":"publish","type":"product","link":"https:\/\/www.keramika.com\/slovenija\/mozaik-ploscice-za-bazene-bruma-2003-azul-turquesa\/","title":{"rendered":"Mozaik plo\u0161\u010dice za bazene Bruma 2003 Azul Turquesa"},"content":{"rendered":"<p>Ta mozaik je izdelal proizvajalec Mosavit, ki prihaja iz \u0160panije. Mozaik na sliki je pripet na mre\u017eo, kar olaj\u0161a njegovo polaganje. Mre\u017ea je velika 31,6&#215;31,6 cm. Mosaic Bruma 2003 Azul Turquesa je na voljo po zelo ugodni ceni 27,38 EUR. Ta mozaik je debel 5 mm in je zelo trpe\u017een. Ta mozaik je na voljo v \u010dudoviti modri prevladujo\u010di barvi, \u010de \u017eelite kak\u0161no drugo barvo pa nas kontaktirajte in preverili bomo pri proizvajalcu.<\/p>\n<p>Technical description: <\/p>\n<p>Min. 1 box &#8211; Delivery 30 Euro\/box in EU<\/p>\n","protected":false},"excerpt":{"rendered":"<p>Ta mozaik je izdelal proizvajalec Mosavit, ki prihaja iz \u0160panije. Mozaik na sliki je pripet na mre\u017eo, kar olaj\u0161a njegovo polaganje. Mre\u017ea je velika 31,6&#215;31,6 cm. Mosaic Bruma 2003 Azul Turquesa je na voljo po zelo ugodni ceni 27,38 EUR. Ta mozaik je debel 5 mm in je zelo trpe\u017een. Ta mozaik je na voljo [&hellip;]<\/p>\n","protected":false},"featured_media":101457,"template":"","meta":[],"product_cat":[999405,400,999,410],"product_tag":[99921989,99921990],"_links":{"self":[{"href":"https:\/\/www.keramika.com\/slovenija\/wp-json\/wp\/v2\/product\/101456"}],"collection":[{"href":"https:\/\/www.keramika.com\/slovenija\/wp-json\/wp\/v2\/product"}],"about":[{"href":"https:\/\/www.keramika.com\/slovenija\/wp-json\/wp\/v2\/types\/product"}],"wp:featuredmedia":[{"embeddable":true,"href":"https:\/\/www.keramika.com\/slovenija\/wp-json\/wp\/v2\/media\/101457"}],"wp:attachment":[{"href":"https:\/\/www.keramika.com\/slovenija\/wp-json\/wp\/v2\/media?parent=101456"}],"wp:term":[{"taxonomy":"product_cat","embeddable":true,"href":"https:\/\/www.keramika.com\/slovenija\/wp-json\/wp\/v2\/product_cat?post=101456"},{"taxonomy":"product_tag","embeddable":true,"href":"https:\/\/www.keramika.com\/slovenija\/wp-json\/wp\/v2\/product_tag?post=101456"}],"curies":[{"name":"wp","href":"https:\/\/api.w.org\/{rel}","templated":true}]}}