{"id":101438,"date":"2017-03-22T22:56:25","date_gmt":"2017-03-22T22:56:25","guid":{"rendered":"http:\/\/keramika.holest.com\/slovenija\/product\/mozaik-ploscice-za-tla-bruma-4001-a-gris-oscuro\/"},"modified":"2026-01-01T00:03:13","modified_gmt":"2026-01-01T00:03:13","slug":"mozaik-ploscice-za-tla-bruma-4001-a-gris-oscuro","status":"publish","type":"product","link":"https:\/\/www.keramika.com\/slovenija\/mozaik-ploscice-za-tla-bruma-4001-a-gris-oscuro\/","title":{"rendered":"Mozaik plo\u0161\u010dice za tla Bruma 4001-A Gris Oscuro"},"content":{"rendered":"<p>Ta mozaik je izdelal proizvajalec Mosavit, ki prihaja iz \u0160panije. 5 mm je debelina, ki zadovolji tudi zahtevnej\u0161e kupce. Dimenzije mre\u017ee na katero je pripet ta mozaik so 31,6&#215;31,6 cm. Mre\u017ea omogo\u010da enostavnej\u0161e polaganje. Zaradi ni\u017ejih stro\u0161kov pri spletni prodaji boste na na\u0161i strani za ta mozaik od\u0161teli le 39,88 EUR. Pri izbiri mozaika v glavni sivi barvi ne morete zgre\u0161iti.<\/p>\n<p>Technical description: <\/p>\n<p>Min. 1 box &#8211; Delivery 30 Euro\/box in EU<\/p>\n","protected":false},"excerpt":{"rendered":"<p>Ta mozaik je izdelal proizvajalec Mosavit, ki prihaja iz \u0160panije. 5 mm je debelina, ki zadovolji tudi zahtevnej\u0161e kupce. Dimenzije mre\u017ee na katero je pripet ta mozaik so 31,6&#215;31,6 cm. Mre\u017ea omogo\u010da enostavnej\u0161e polaganje. Zaradi ni\u017ejih stro\u0161kov pri spletni prodaji boste na na\u0161i strani za ta mozaik od\u0161teli le 39,88 EUR. Pri izbiri mozaika v [&hellip;]<\/p>\n","protected":false},"featured_media":101439,"template":"","meta":[],"product_cat":[999405,400,999,410],"product_tag":[],"_links":{"self":[{"href":"https:\/\/www.keramika.com\/slovenija\/wp-json\/wp\/v2\/product\/101438"}],"collection":[{"href":"https:\/\/www.keramika.com\/slovenija\/wp-json\/wp\/v2\/product"}],"about":[{"href":"https:\/\/www.keramika.com\/slovenija\/wp-json\/wp\/v2\/types\/product"}],"wp:featuredmedia":[{"embeddable":true,"href":"https:\/\/www.keramika.com\/slovenija\/wp-json\/wp\/v2\/media\/101439"}],"wp:attachment":[{"href":"https:\/\/www.keramika.com\/slovenija\/wp-json\/wp\/v2\/media?parent=101438"}],"wp:term":[{"taxonomy":"product_cat","embeddable":true,"href":"https:\/\/www.keramika.com\/slovenija\/wp-json\/wp\/v2\/product_cat?post=101438"},{"taxonomy":"product_tag","embeddable":true,"href":"https:\/\/www.keramika.com\/slovenija\/wp-json\/wp\/v2\/product_tag?post=101438"}],"curies":[{"name":"wp","href":"https:\/\/api.w.org\/{rel}","templated":true}]}}