{"id":101434,"date":"2017-03-22T22:56:21","date_gmt":"2017-03-22T22:56:21","guid":{"rendered":"http:\/\/keramika.holest.com\/slovenija\/product\/mozaik-ploscice-za-tla-bruma-2002-a-azul-cobalto-2\/"},"modified":"2026-01-01T00:03:12","modified_gmt":"2026-01-01T00:03:12","slug":"mozaik-ploscice-za-tla-bruma-2002-a-azul-cobalto-2","status":"publish","type":"product","link":"https:\/\/www.keramika.com\/slovenija\/mozaik-ploscice-za-tla-bruma-2002-a-azul-cobalto-2\/","title":{"rendered":"Mozaik plo\u0161\u010dice za tla Bruma 2002-A Azul Cobalto"},"content":{"rendered":"<p>Pri izbiri mozaika v glavni modri barvi ne morete zgre\u0161iti. Ta mozaik plo\u0161\u010dica prihaja iz \u0160panije, ki je znana po kvalitetni keramiki. Mosaic Bruma 2003-A Azul Turquesa je na voljo po zelo ugodni ceni 39,88 EUR. Dimenzije mre\u017ee na katero je pripet ta mozaik so 31,6&#215;31,6 cm. Mre\u017ea omogo\u010da enostavnej\u0161e polaganje. 5 mm je debelina, ki zadovolji tudi zahtevnej\u0161e kupce.<\/p>\n<p>Technical description: <\/p>\n<p>Min. 1 box &#8211; Delivery 30 Euro\/box in EU<\/p>\n","protected":false},"excerpt":{"rendered":"<p>Pri izbiri mozaika v glavni modri barvi ne morete zgre\u0161iti. Ta mozaik plo\u0161\u010dica prihaja iz \u0160panije, ki je znana po kvalitetni keramiki. Mosaic Bruma 2003-A Azul Turquesa je na voljo po zelo ugodni ceni 39,88 EUR. Dimenzije mre\u017ee na katero je pripet ta mozaik so 31,6&#215;31,6 cm. Mre\u017ea omogo\u010da enostavnej\u0161e polaganje. 5 mm je debelina, [&hellip;]<\/p>\n","protected":false},"featured_media":101435,"template":"","meta":[],"product_cat":[999405,400,999,410],"product_tag":[],"_links":{"self":[{"href":"https:\/\/www.keramika.com\/slovenija\/wp-json\/wp\/v2\/product\/101434"}],"collection":[{"href":"https:\/\/www.keramika.com\/slovenija\/wp-json\/wp\/v2\/product"}],"about":[{"href":"https:\/\/www.keramika.com\/slovenija\/wp-json\/wp\/v2\/types\/product"}],"wp:featuredmedia":[{"embeddable":true,"href":"https:\/\/www.keramika.com\/slovenija\/wp-json\/wp\/v2\/media\/101435"}],"wp:attachment":[{"href":"https:\/\/www.keramika.com\/slovenija\/wp-json\/wp\/v2\/media?parent=101434"}],"wp:term":[{"taxonomy":"product_cat","embeddable":true,"href":"https:\/\/www.keramika.com\/slovenija\/wp-json\/wp\/v2\/product_cat?post=101434"},{"taxonomy":"product_tag","embeddable":true,"href":"https:\/\/www.keramika.com\/slovenija\/wp-json\/wp\/v2\/product_tag?post=101434"}],"curies":[{"name":"wp","href":"https:\/\/api.w.org\/{rel}","templated":true}]}}