{"id":101430,"date":"2017-03-22T22:56:18","date_gmt":"2017-03-22T22:56:18","guid":{"rendered":"http:\/\/keramika.holest.com\/slovenija\/product\/mozaik-ploscice-za-tla-bruma-2003-a-azul-turquesa\/"},"modified":"2026-01-01T00:03:12","modified_gmt":"2026-01-01T00:03:12","slug":"mozaik-ploscice-za-tla-bruma-2003-a-azul-turquesa","status":"publish","type":"product","link":"https:\/\/www.keramika.com\/slovenija\/mozaik-ploscice-za-tla-bruma-2003-a-azul-turquesa\/","title":{"rendered":"Mozaik plo\u0161\u010dice za tla Bruma 2003-A Azul Turquesa"},"content":{"rendered":"<p>Redna cena tega mozaika v maloprodaji zna\u0161a 49,84 EUR, v na\u0161i spletni trgovini pa ga lahko dobite \u017ee za 39,88 EUR. Ta mozaik je izdelal proizvajalec Mosavit, ki prihaja iz \u0160panije. Mozaik je debel kar 5 mm, kar ga uvr\u0161\u010da med bolj trde mozaik plo\u0161\u010dice. Velikost mre\u017ee z mozaikom je 31,6&#215;31,6 cm, kar omogo\u010da enostavno polaganje. Ta mozaik je na voljo v \u010dudoviti modri prevladujo\u010di barvi, \u010de \u017eelite kak\u0161no drugo barvo pa nas kontaktirajte in preverili bomo pri proizvajalcu.<\/p>\n<p>Technical description: <\/p>\n<p>Min. 1 box &#8211; Delivery 30 Euro\/box in EU<\/p>\n","protected":false},"excerpt":{"rendered":"<p>Redna cena tega mozaika v maloprodaji zna\u0161a 49,84 EUR, v na\u0161i spletni trgovini pa ga lahko dobite \u017ee za 39,88 EUR. Ta mozaik je izdelal proizvajalec Mosavit, ki prihaja iz \u0160panije. Mozaik je debel kar 5 mm, kar ga uvr\u0161\u010da med bolj trde mozaik plo\u0161\u010dice. Velikost mre\u017ee z mozaikom je 31,6&#215;31,6 cm, kar omogo\u010da enostavno [&hellip;]<\/p>\n","protected":false},"featured_media":101431,"template":"","meta":[],"product_cat":[999405,400,999,410],"product_tag":[],"_links":{"self":[{"href":"https:\/\/www.keramika.com\/slovenija\/wp-json\/wp\/v2\/product\/101430"}],"collection":[{"href":"https:\/\/www.keramika.com\/slovenija\/wp-json\/wp\/v2\/product"}],"about":[{"href":"https:\/\/www.keramika.com\/slovenija\/wp-json\/wp\/v2\/types\/product"}],"wp:featuredmedia":[{"embeddable":true,"href":"https:\/\/www.keramika.com\/slovenija\/wp-json\/wp\/v2\/media\/101431"}],"wp:attachment":[{"href":"https:\/\/www.keramika.com\/slovenija\/wp-json\/wp\/v2\/media?parent=101430"}],"wp:term":[{"taxonomy":"product_cat","embeddable":true,"href":"https:\/\/www.keramika.com\/slovenija\/wp-json\/wp\/v2\/product_cat?post=101430"},{"taxonomy":"product_tag","embeddable":true,"href":"https:\/\/www.keramika.com\/slovenija\/wp-json\/wp\/v2\/product_tag?post=101430"}],"curies":[{"name":"wp","href":"https:\/\/api.w.org\/{rel}","templated":true}]}}