{"id":101428,"date":"2017-03-22T22:56:16","date_gmt":"2017-03-22T22:56:16","guid":{"rendered":"http:\/\/keramika.holest.com\/slovenija\/product\/mozaik-ploscice-za-tla-bruma-2002-a-azul-cobalto\/"},"modified":"2026-01-01T00:03:11","modified_gmt":"2026-01-01T00:03:11","slug":"mozaik-ploscice-za-tla-bruma-2002-a-azul-cobalto","status":"publish","type":"product","link":"https:\/\/www.keramika.com\/slovenija\/mozaik-ploscice-za-tla-bruma-2002-a-azul-cobalto\/","title":{"rendered":"Mozaik plo\u0161\u010dice za tla Bruma 2002-A Azul Cobalto"},"content":{"rendered":"<p>Mozaik na sliki je pripet na mre\u017eo, kar olaj\u0161a njegovo polaganje. Mre\u017ea je velika 31,6&#215;31,6 cm. Keramika v modri barvi popestri vsak prostor. Mosaic Bruma 2002-A Azul Cobalto je na voljo po zelo ugodni ceni 39,88 EUR. 5 mm debeline je dovolj tudi za zahtevnej\u0161e kupce. Mosaic Bruma 2002-A Azul Cobalto prihaja iz \u0160panije, ki je znana po zelo kvalitetni keramiki v svetovnem merilu.<\/p>\n<p>Technical description: <\/p>\n<p>Min. 1 box &#8211; Delivery 30 Euro\/box in EU<\/p>\n","protected":false},"excerpt":{"rendered":"<p>Mozaik na sliki je pripet na mre\u017eo, kar olaj\u0161a njegovo polaganje. Mre\u017ea je velika 31,6&#215;31,6 cm. Keramika v modri barvi popestri vsak prostor. Mosaic Bruma 2002-A Azul Cobalto je na voljo po zelo ugodni ceni 39,88 EUR. 5 mm debeline je dovolj tudi za zahtevnej\u0161e kupce. Mosaic Bruma 2002-A Azul Cobalto prihaja iz \u0160panije, ki [&hellip;]<\/p>\n","protected":false},"featured_media":101429,"template":"","meta":[],"product_cat":[999405,400,999,410],"product_tag":[],"_links":{"self":[{"href":"https:\/\/www.keramika.com\/slovenija\/wp-json\/wp\/v2\/product\/101428"}],"collection":[{"href":"https:\/\/www.keramika.com\/slovenija\/wp-json\/wp\/v2\/product"}],"about":[{"href":"https:\/\/www.keramika.com\/slovenija\/wp-json\/wp\/v2\/types\/product"}],"wp:featuredmedia":[{"embeddable":true,"href":"https:\/\/www.keramika.com\/slovenija\/wp-json\/wp\/v2\/media\/101429"}],"wp:attachment":[{"href":"https:\/\/www.keramika.com\/slovenija\/wp-json\/wp\/v2\/media?parent=101428"}],"wp:term":[{"taxonomy":"product_cat","embeddable":true,"href":"https:\/\/www.keramika.com\/slovenija\/wp-json\/wp\/v2\/product_cat?post=101428"},{"taxonomy":"product_tag","embeddable":true,"href":"https:\/\/www.keramika.com\/slovenija\/wp-json\/wp\/v2\/product_tag?post=101428"}],"curies":[{"name":"wp","href":"https:\/\/api.w.org\/{rel}","templated":true}]}}