{"id":101396,"date":"2017-06-22T22:55:44","date_gmt":"2017-06-22T22:55:44","guid":{"rendered":"http:\/\/keramika.holest.com\/slovenija\/product\/steklene-mozaik-ploscice-acquaris-magnolia\/"},"modified":"2026-01-01T00:03:08","modified_gmt":"2026-01-01T00:03:08","slug":"steklene-mozaik-ploscice-acquaris-magnolia","status":"publish","type":"product","link":"https:\/\/www.keramika.com\/slovenija\/steklene-mozaik-ploscice-acquaris-magnolia\/","title":{"rendered":"Steklene mozaik plo\u0161\u010dice Acquaris Magnolia"},"content":{"rendered":"<p>Keramika v beli barvi popestri vsak prostor. Prihaja iz \u0160panije, ki po svetu slovi kot ena bolj\u0161ih proizvajalk kerami\u010dnih plo\u0161\u010dic. Redna cena tega mozaika v maloprodaji zna\u0161a 120,31 EUR, v na\u0161i spletni trgovini pa ga lahko dobite \u017ee za 96,25 EUR. Mozaik je debel kar 5 mm, kar ga uvr\u0161\u010da med bolj trde mozaik plo\u0161\u010dice. \u0160irina in dol\u017eina mre\u017ee na katero je pripet ta mozaik sta 31,6&#215;31,6 cm. Mre\u017eo lahko enostavno polo\u017eite na razli\u010dne povr\u0161ine.<\/p>\n<p>Technical description: <\/p>\n<p>Min. 1 box &#8211; Delivery 30 Euro\/box in EU<\/p>\n","protected":false},"excerpt":{"rendered":"<p>Keramika v beli barvi popestri vsak prostor. Prihaja iz \u0160panije, ki po svetu slovi kot ena bolj\u0161ih proizvajalk kerami\u010dnih plo\u0161\u010dic. Redna cena tega mozaika v maloprodaji zna\u0161a 120,31 EUR, v na\u0161i spletni trgovini pa ga lahko dobite \u017ee za 96,25 EUR. Mozaik je debel kar 5 mm, kar ga uvr\u0161\u010da med bolj trde mozaik plo\u0161\u010dice. [&hellip;]<\/p>\n","protected":false},"featured_media":101397,"template":"","meta":[],"product_cat":[999405,400,999,410],"product_tag":[99921989],"_links":{"self":[{"href":"https:\/\/www.keramika.com\/slovenija\/wp-json\/wp\/v2\/product\/101396"}],"collection":[{"href":"https:\/\/www.keramika.com\/slovenija\/wp-json\/wp\/v2\/product"}],"about":[{"href":"https:\/\/www.keramika.com\/slovenija\/wp-json\/wp\/v2\/types\/product"}],"wp:featuredmedia":[{"embeddable":true,"href":"https:\/\/www.keramika.com\/slovenija\/wp-json\/wp\/v2\/media\/101397"}],"wp:attachment":[{"href":"https:\/\/www.keramika.com\/slovenija\/wp-json\/wp\/v2\/media?parent=101396"}],"wp:term":[{"taxonomy":"product_cat","embeddable":true,"href":"https:\/\/www.keramika.com\/slovenija\/wp-json\/wp\/v2\/product_cat?post=101396"},{"taxonomy":"product_tag","embeddable":true,"href":"https:\/\/www.keramika.com\/slovenija\/wp-json\/wp\/v2\/product_tag?post=101396"}],"curies":[{"name":"wp","href":"https:\/\/api.w.org\/{rel}","templated":true}]}}