{"id":101394,"date":"2017-06-22T22:55:42","date_gmt":"2017-06-22T22:55:42","guid":{"rendered":"http:\/\/keramika.holest.com\/slovenija\/product\/steklene-mozaik-ploscice-acquaris-lunaria\/"},"modified":"2026-01-01T00:03:08","modified_gmt":"2026-01-01T00:03:08","slug":"steklene-mozaik-ploscice-acquaris-lunaria","status":"publish","type":"product","link":"https:\/\/www.keramika.com\/slovenija\/steklene-mozaik-ploscice-acquaris-lunaria\/","title":{"rendered":"Steklene mozaik plo\u0161\u010dice Acquaris Lunaria"},"content":{"rendered":"<p>Mosaic Acquaris Lunaria je pripeljana iz \u0160panije in je zelo kvalitetna. Mozaik je debel kar 5 mm, kar ga uvr\u0161\u010da med bolj trde mozaik plo\u0161\u010dice. Letos so mozaiki v sivi barvi zelo za\u017eeljeni. Mosaic Acquaris Lunaria je na voljo po zelo ugodni ceni 96,25 EUR. \u0160irina in dol\u017eina mre\u017ee na katero je pripet ta mozaik sta 31,6&#215;31,6 cm. Mre\u017eo lahko enostavno polo\u017eite na razli\u010dne povr\u0161ine.<\/p>\n<p>Technical description: <\/p>\n<p>Min. 1 box &#8211; Delivery 30 Euro\/box in EU<\/p>\n","protected":false},"excerpt":{"rendered":"<p>Mosaic Acquaris Lunaria je pripeljana iz \u0160panije in je zelo kvalitetna. Mozaik je debel kar 5 mm, kar ga uvr\u0161\u010da med bolj trde mozaik plo\u0161\u010dice. Letos so mozaiki v sivi barvi zelo za\u017eeljeni. Mosaic Acquaris Lunaria je na voljo po zelo ugodni ceni 96,25 EUR. \u0160irina in dol\u017eina mre\u017ee na katero je pripet ta mozaik [&hellip;]<\/p>\n","protected":false},"featured_media":101395,"template":"","meta":[],"product_cat":[999405,400,999,410],"product_tag":[99921990],"_links":{"self":[{"href":"https:\/\/www.keramika.com\/slovenija\/wp-json\/wp\/v2\/product\/101394"}],"collection":[{"href":"https:\/\/www.keramika.com\/slovenija\/wp-json\/wp\/v2\/product"}],"about":[{"href":"https:\/\/www.keramika.com\/slovenija\/wp-json\/wp\/v2\/types\/product"}],"wp:featuredmedia":[{"embeddable":true,"href":"https:\/\/www.keramika.com\/slovenija\/wp-json\/wp\/v2\/media\/101395"}],"wp:attachment":[{"href":"https:\/\/www.keramika.com\/slovenija\/wp-json\/wp\/v2\/media?parent=101394"}],"wp:term":[{"taxonomy":"product_cat","embeddable":true,"href":"https:\/\/www.keramika.com\/slovenija\/wp-json\/wp\/v2\/product_cat?post=101394"},{"taxonomy":"product_tag","embeddable":true,"href":"https:\/\/www.keramika.com\/slovenija\/wp-json\/wp\/v2\/product_tag?post=101394"}],"curies":[{"name":"wp","href":"https:\/\/api.w.org\/{rel}","templated":true}]}}