{"id":101386,"date":"2017-07-22T22:55:35","date_gmt":"2017-07-22T22:55:35","guid":{"rendered":"http:\/\/keramika.holest.com\/slovenija\/product\/steklene-mozaik-ploscice-acquaris-jazmin\/"},"modified":"2026-01-01T00:03:07","modified_gmt":"2026-01-01T00:03:07","slug":"steklene-mozaik-ploscice-acquaris-jazmin","status":"publish","type":"product","link":"https:\/\/www.keramika.com\/slovenija\/steklene-mozaik-ploscice-acquaris-jazmin\/","title":{"rendered":"Steklene mozaik plo\u0161\u010dice Acquaris Jazmin"},"content":{"rendered":"<p>Mozaik dobite pripet na mre\u017eo, kar olaj\u0161a njegovo polaganje. Velikost mre\u017ee je 31,6&#215;31,6 cm in je primerna za razli\u010dne povr\u0161ine. 5 mm debeline je dovolj tudi za zahtevnej\u0161e kupce. Ta model mozaik plo\u0161\u010dic se najbolje prodaja v be\u017e barvi. Redna cena tega mozaika v maloprodaji zna\u0161a 120,31 EUR, v na\u0161i spletni trgovini pa ga lahko dobite \u017ee za 96,25 EUR. Prihaja iz \u0160panije, ki po svetu slovi kot ena bolj\u0161ih proizvajalk kerami\u010dnih plo\u0161\u010dic.<\/p>\n<p>Technical description: <\/p>\n<p>Min. 1 box &#8211; Delivery 30 Euro\/box in EU<\/p>\n","protected":false},"excerpt":{"rendered":"<p>Mozaik dobite pripet na mre\u017eo, kar olaj\u0161a njegovo polaganje. Velikost mre\u017ee je 31,6&#215;31,6 cm in je primerna za razli\u010dne povr\u0161ine. 5 mm debeline je dovolj tudi za zahtevnej\u0161e kupce. Ta model mozaik plo\u0161\u010dic se najbolje prodaja v be\u017e barvi. Redna cena tega mozaika v maloprodaji zna\u0161a 120,31 EUR, v na\u0161i spletni trgovini pa ga lahko [&hellip;]<\/p>\n","protected":false},"featured_media":101387,"template":"","meta":[],"product_cat":[999405,400,999,410],"product_tag":[99921990],"_links":{"self":[{"href":"https:\/\/www.keramika.com\/slovenija\/wp-json\/wp\/v2\/product\/101386"}],"collection":[{"href":"https:\/\/www.keramika.com\/slovenija\/wp-json\/wp\/v2\/product"}],"about":[{"href":"https:\/\/www.keramika.com\/slovenija\/wp-json\/wp\/v2\/types\/product"}],"wp:featuredmedia":[{"embeddable":true,"href":"https:\/\/www.keramika.com\/slovenija\/wp-json\/wp\/v2\/media\/101387"}],"wp:attachment":[{"href":"https:\/\/www.keramika.com\/slovenija\/wp-json\/wp\/v2\/media?parent=101386"}],"wp:term":[{"taxonomy":"product_cat","embeddable":true,"href":"https:\/\/www.keramika.com\/slovenija\/wp-json\/wp\/v2\/product_cat?post=101386"},{"taxonomy":"product_tag","embeddable":true,"href":"https:\/\/www.keramika.com\/slovenija\/wp-json\/wp\/v2\/product_tag?post=101386"}],"curies":[{"name":"wp","href":"https:\/\/api.w.org\/{rel}","templated":true}]}}