{"id":101372,"date":"2017-06-22T22:55:23","date_gmt":"2017-06-22T22:55:23","guid":{"rendered":"http:\/\/keramika.holest.com\/slovenija\/product\/steklene-mozaik-ploscice-acquaris-caribe\/"},"modified":"2026-01-01T00:03:06","modified_gmt":"2026-01-01T00:03:06","slug":"steklene-mozaik-ploscice-acquaris-caribe","status":"publish","type":"product","link":"https:\/\/www.keramika.com\/slovenija\/steklene-mozaik-ploscice-acquaris-caribe\/","title":{"rendered":"Steklene mozaik plo\u0161\u010dice Acquaris Caribe"},"content":{"rendered":"<p>Mozaik dobite pripet na mre\u017eo, kar olaj\u0161a njegovo polaganje. Velikost mre\u017ee je 31,6&#215;31,6 cm in je primerna za razli\u010dne povr\u0161ine. 120,31 EUR v klasi\u010dni trgovini, pri nas pa le 96,25 EUR. Ta model mozaik plo\u0161\u010dic se najbolje prodaja v modri barvi. Mozaik je debel kar 5 mm, kar ga uvr\u0161\u010da med bolj trde mozaik plo\u0161\u010dice. Ta mozaik plo\u0161\u010dica prihaja iz \u0160panije, ki je znana po kvalitetni keramiki.<\/p>\n<p>Technical description: <\/p>\n<p>Min. 1 box &#8211; Delivery 30 Euro\/box in EU<\/p>\n","protected":false},"excerpt":{"rendered":"<p>Mozaik dobite pripet na mre\u017eo, kar olaj\u0161a njegovo polaganje. Velikost mre\u017ee je 31,6&#215;31,6 cm in je primerna za razli\u010dne povr\u0161ine. 120,31 EUR v klasi\u010dni trgovini, pri nas pa le 96,25 EUR. Ta model mozaik plo\u0161\u010dic se najbolje prodaja v modri barvi. Mozaik je debel kar 5 mm, kar ga uvr\u0161\u010da med bolj trde mozaik plo\u0161\u010dice. [&hellip;]<\/p>\n","protected":false},"featured_media":101373,"template":"","meta":[],"product_cat":[999405,400,999,410],"product_tag":[99921989],"_links":{"self":[{"href":"https:\/\/www.keramika.com\/slovenija\/wp-json\/wp\/v2\/product\/101372"}],"collection":[{"href":"https:\/\/www.keramika.com\/slovenija\/wp-json\/wp\/v2\/product"}],"about":[{"href":"https:\/\/www.keramika.com\/slovenija\/wp-json\/wp\/v2\/types\/product"}],"wp:featuredmedia":[{"embeddable":true,"href":"https:\/\/www.keramika.com\/slovenija\/wp-json\/wp\/v2\/media\/101373"}],"wp:attachment":[{"href":"https:\/\/www.keramika.com\/slovenija\/wp-json\/wp\/v2\/media?parent=101372"}],"wp:term":[{"taxonomy":"product_cat","embeddable":true,"href":"https:\/\/www.keramika.com\/slovenija\/wp-json\/wp\/v2\/product_cat?post=101372"},{"taxonomy":"product_tag","embeddable":true,"href":"https:\/\/www.keramika.com\/slovenija\/wp-json\/wp\/v2\/product_tag?post=101372"}],"curies":[{"name":"wp","href":"https:\/\/api.w.org\/{rel}","templated":true}]}}