{"id":101364,"date":"2017-03-22T22:55:12","date_gmt":"2017-03-22T22:55:12","guid":{"rendered":"http:\/\/keramika.holest.com\/slovenija\/product\/mozaik-ploscice-mosavit-pandora-dore-25\/"},"modified":"2026-01-01T00:03:05","modified_gmt":"2026-01-01T00:03:05","slug":"mozaik-ploscice-mosavit-pandora-dore-25","status":"publish","type":"product","link":"https:\/\/www.keramika.com\/slovenija\/mozaik-ploscice-mosavit-pandora-dore-25\/","title":{"rendered":"Mozaik plo\u0161\u010dice Mosavit Pandora Dore 25"},"content":{"rendered":"<p>Ta mozaik je izdelal proizvajalec Mosavit, ki prihaja iz \u0160panije. 171,88 EUR v klasi\u010dni trgovini, pri nas pa le 137,5 EUR. 5 mm je debelina, ki zadovolji tudi zahtevnej\u0161e kupce. Z velikostjo mre\u017ee 31,6&#215;31,6 cm na katero je pripet, je ta mozaik primeren ze razli\u010dne povr\u0161ine. Keramika v zlati barvi popestri vsak prostor.<\/p>\n<p>Technical description: <\/p>\n<p>Min. 1 box &#8211; Delivery 30 Euro\/box in EU<\/p>\n","protected":false},"excerpt":{"rendered":"<p>Ta mozaik je izdelal proizvajalec Mosavit, ki prihaja iz \u0160panije. 171,88 EUR v klasi\u010dni trgovini, pri nas pa le 137,5 EUR. 5 mm je debelina, ki zadovolji tudi zahtevnej\u0161e kupce. Z velikostjo mre\u017ee 31,6&#215;31,6 cm na katero je pripet, je ta mozaik primeren ze razli\u010dne povr\u0161ine. Keramika v zlati barvi popestri vsak prostor. Technical description: [&hellip;]<\/p>\n","protected":false},"featured_media":101365,"template":"","meta":[],"product_cat":[999405,400,999,410],"product_tag":[],"_links":{"self":[{"href":"https:\/\/www.keramika.com\/slovenija\/wp-json\/wp\/v2\/product\/101364"}],"collection":[{"href":"https:\/\/www.keramika.com\/slovenija\/wp-json\/wp\/v2\/product"}],"about":[{"href":"https:\/\/www.keramika.com\/slovenija\/wp-json\/wp\/v2\/types\/product"}],"wp:featuredmedia":[{"embeddable":true,"href":"https:\/\/www.keramika.com\/slovenija\/wp-json\/wp\/v2\/media\/101365"}],"wp:attachment":[{"href":"https:\/\/www.keramika.com\/slovenija\/wp-json\/wp\/v2\/media?parent=101364"}],"wp:term":[{"taxonomy":"product_cat","embeddable":true,"href":"https:\/\/www.keramika.com\/slovenija\/wp-json\/wp\/v2\/product_cat?post=101364"},{"taxonomy":"product_tag","embeddable":true,"href":"https:\/\/www.keramika.com\/slovenija\/wp-json\/wp\/v2\/product_tag?post=101364"}],"curies":[{"name":"wp","href":"https:\/\/api.w.org\/{rel}","templated":true}]}}