{"id":101362,"date":"2017-03-22T22:55:08","date_gmt":"2017-03-22T22:55:08","guid":{"rendered":"http:\/\/keramika.holest.com\/slovenija\/product\/mozaik-ploscice-mosavit-pandora-wengue-25\/"},"modified":"2026-01-01T00:03:04","modified_gmt":"2026-01-01T00:03:04","slug":"mozaik-ploscice-mosavit-pandora-wengue-25","status":"publish","type":"product","link":"https:\/\/www.keramika.com\/slovenija\/mozaik-ploscice-mosavit-pandora-wengue-25\/","title":{"rendered":"Mozaik plo\u0161\u010dice Mosavit Pandora Wengue 25"},"content":{"rendered":"<p>5 mm debeline je dovolj tudi za zahtevnej\u0161e kupce. Mosaic Pandora Wengue 25 prihaja iz \u0160panije, ki je znana po zelo kvalitetni keramiki v svetovnem merilu. Dimenzije mre\u017ee na katero je pripet ta mozaik so 31,6&#215;31,6 cm. Mre\u017ea omogo\u010da enostavnej\u0161e polaganje. Ta mozaik je na voljo v \u010dudoviti rjavi prevladujo\u010di barvi, \u010de \u017eelite kak\u0161no drugo barvo pa nas kontaktirajte in preverili bomo pri proizvajalcu. Redna cena tega mozaika v maloprodaji zna\u0161a 151,56 EUR, v na\u0161i spletni trgovini pa ga lahko dobite \u017ee za 121,25 EUR.<\/p>\n<p>Technical description: <\/p>\n<p>Min. 1 box &#8211; Delivery 30 Euro\/box in EU<\/p>\n","protected":false},"excerpt":{"rendered":"<p>5 mm debeline je dovolj tudi za zahtevnej\u0161e kupce. Mosaic Pandora Wengue 25 prihaja iz \u0160panije, ki je znana po zelo kvalitetni keramiki v svetovnem merilu. Dimenzije mre\u017ee na katero je pripet ta mozaik so 31,6&#215;31,6 cm. Mre\u017ea omogo\u010da enostavnej\u0161e polaganje. Ta mozaik je na voljo v \u010dudoviti rjavi prevladujo\u010di barvi, \u010de \u017eelite kak\u0161no drugo [&hellip;]<\/p>\n","protected":false},"featured_media":101363,"template":"","meta":[],"product_cat":[999405,400,999,410],"product_tag":[],"_links":{"self":[{"href":"https:\/\/www.keramika.com\/slovenija\/wp-json\/wp\/v2\/product\/101362"}],"collection":[{"href":"https:\/\/www.keramika.com\/slovenija\/wp-json\/wp\/v2\/product"}],"about":[{"href":"https:\/\/www.keramika.com\/slovenija\/wp-json\/wp\/v2\/types\/product"}],"wp:featuredmedia":[{"embeddable":true,"href":"https:\/\/www.keramika.com\/slovenija\/wp-json\/wp\/v2\/media\/101363"}],"wp:attachment":[{"href":"https:\/\/www.keramika.com\/slovenija\/wp-json\/wp\/v2\/media?parent=101362"}],"wp:term":[{"taxonomy":"product_cat","embeddable":true,"href":"https:\/\/www.keramika.com\/slovenija\/wp-json\/wp\/v2\/product_cat?post=101362"},{"taxonomy":"product_tag","embeddable":true,"href":"https:\/\/www.keramika.com\/slovenija\/wp-json\/wp\/v2\/product_tag?post=101362"}],"curies":[{"name":"wp","href":"https:\/\/api.w.org\/{rel}","templated":true}]}}