{"id":101358,"date":"2017-03-22T22:55:03","date_gmt":"2017-03-22T22:55:03","guid":{"rendered":"http:\/\/keramika.holest.com\/slovenija\/product\/mozaik-ploscice-mosavit-pandora-vainiglia-25\/"},"modified":"2026-01-01T00:03:04","modified_gmt":"2026-01-01T00:03:04","slug":"mozaik-ploscice-mosavit-pandora-vainiglia-25","status":"publish","type":"product","link":"https:\/\/www.keramika.com\/slovenija\/mozaik-ploscice-mosavit-pandora-vainiglia-25\/","title":{"rendered":"Mozaik plo\u0161\u010dice Mosavit Pandora Vainiglia 25"},"content":{"rendered":"<p>Debelina kar 5 mm dela ta mozaik zelo trpe\u017een in presti\u017een na otip. V redni prodaji bi morali za ta mozaik od\u0161teti 151,56 EUR, spletna cena pa zna\u0161a le 121,25 EUR. Z 31,6&#215;31,6 cm je mre\u017ea na katero so pripete te mozaik plo\u0161\u010dice primerna za razli\u010dne podlage. Pri izbiri mozaika v glavni be\u017e barvi ne morete zgre\u0161iti. Prihaja iz \u0160panije, ki po svetu slovi kot ena bolj\u0161ih proizvajalk kerami\u010dnih plo\u0161\u010dic.<\/p>\n<p>Technical description: <\/p>\n<p>Min. 1 box &#8211; Delivery 30 Euro\/box in EU<\/p>\n","protected":false},"excerpt":{"rendered":"<p>Debelina kar 5 mm dela ta mozaik zelo trpe\u017een in presti\u017een na otip. V redni prodaji bi morali za ta mozaik od\u0161teti 151,56 EUR, spletna cena pa zna\u0161a le 121,25 EUR. Z 31,6&#215;31,6 cm je mre\u017ea na katero so pripete te mozaik plo\u0161\u010dice primerna za razli\u010dne podlage. Pri izbiri mozaika v glavni be\u017e barvi ne [&hellip;]<\/p>\n","protected":false},"featured_media":101359,"template":"","meta":[],"product_cat":[999405,400,999,410],"product_tag":[],"_links":{"self":[{"href":"https:\/\/www.keramika.com\/slovenija\/wp-json\/wp\/v2\/product\/101358"}],"collection":[{"href":"https:\/\/www.keramika.com\/slovenija\/wp-json\/wp\/v2\/product"}],"about":[{"href":"https:\/\/www.keramika.com\/slovenija\/wp-json\/wp\/v2\/types\/product"}],"wp:featuredmedia":[{"embeddable":true,"href":"https:\/\/www.keramika.com\/slovenija\/wp-json\/wp\/v2\/media\/101359"}],"wp:attachment":[{"href":"https:\/\/www.keramika.com\/slovenija\/wp-json\/wp\/v2\/media?parent=101358"}],"wp:term":[{"taxonomy":"product_cat","embeddable":true,"href":"https:\/\/www.keramika.com\/slovenija\/wp-json\/wp\/v2\/product_cat?post=101358"},{"taxonomy":"product_tag","embeddable":true,"href":"https:\/\/www.keramika.com\/slovenija\/wp-json\/wp\/v2\/product_tag?post=101358"}],"curies":[{"name":"wp","href":"https:\/\/api.w.org\/{rel}","templated":true}]}}