{"id":101350,"date":"2017-03-22T22:54:53","date_gmt":"2017-03-22T22:54:53","guid":{"rendered":"http:\/\/keramika.holest.com\/slovenija\/product\/mozaik-ploscice-mosavit-pandora-tornasol-25\/"},"modified":"2026-01-01T00:03:03","modified_gmt":"2026-01-01T00:03:03","slug":"mozaik-ploscice-mosavit-pandora-tornasol-25","status":"publish","type":"product","link":"https:\/\/www.keramika.com\/slovenija\/mozaik-ploscice-mosavit-pandora-tornasol-25\/","title":{"rendered":"Mozaik plo\u0161\u010dice Mosavit Pandora Tornasol 25"},"content":{"rendered":"<p>Z 31,6&#215;31,6 cm je mre\u017ea na katero so pripete te mozaik plo\u0161\u010dice primerna za razli\u010dne podlage. 151,56 EUR v klasi\u010dni trgovini, pri nas pa le 121,25 EUR. Debelina plo\u0161\u010dice je zelo pomembna in 5 mm uvr\u0161\u010da ta mozaik med najkvalitetnej\u0161e. Mosaic Pandora Tornasol 25 prihaja iz \u0160panije, ki je znana po zelo kvalitetni keramiki v svetovnem merilu. Letos so mozaiki v rjavi barvi zelo za\u017eeljeni.<\/p>\n<p>Technical description: <\/p>\n<p>Min. 1 box &#8211; Delivery 30 Euro\/box in EU<\/p>\n","protected":false},"excerpt":{"rendered":"<p>Z 31,6&#215;31,6 cm je mre\u017ea na katero so pripete te mozaik plo\u0161\u010dice primerna za razli\u010dne podlage. 151,56 EUR v klasi\u010dni trgovini, pri nas pa le 121,25 EUR. Debelina plo\u0161\u010dice je zelo pomembna in 5 mm uvr\u0161\u010da ta mozaik med najkvalitetnej\u0161e. Mosaic Pandora Tornasol 25 prihaja iz \u0160panije, ki je znana po zelo kvalitetni keramiki v [&hellip;]<\/p>\n","protected":false},"featured_media":101351,"template":"","meta":[],"product_cat":[999405,400,999,410],"product_tag":[],"_links":{"self":[{"href":"https:\/\/www.keramika.com\/slovenija\/wp-json\/wp\/v2\/product\/101350"}],"collection":[{"href":"https:\/\/www.keramika.com\/slovenija\/wp-json\/wp\/v2\/product"}],"about":[{"href":"https:\/\/www.keramika.com\/slovenija\/wp-json\/wp\/v2\/types\/product"}],"wp:featuredmedia":[{"embeddable":true,"href":"https:\/\/www.keramika.com\/slovenija\/wp-json\/wp\/v2\/media\/101351"}],"wp:attachment":[{"href":"https:\/\/www.keramika.com\/slovenija\/wp-json\/wp\/v2\/media?parent=101350"}],"wp:term":[{"taxonomy":"product_cat","embeddable":true,"href":"https:\/\/www.keramika.com\/slovenija\/wp-json\/wp\/v2\/product_cat?post=101350"},{"taxonomy":"product_tag","embeddable":true,"href":"https:\/\/www.keramika.com\/slovenija\/wp-json\/wp\/v2\/product_tag?post=101350"}],"curies":[{"name":"wp","href":"https:\/\/api.w.org\/{rel}","templated":true}]}}