{"id":101348,"date":"2017-03-22T22:54:50","date_gmt":"2017-03-22T22:54:50","guid":{"rendered":"http:\/\/keramika.holest.com\/slovenija\/product\/mozaik-ploscice-mosavit-pandora-zen-25\/"},"modified":"2026-01-01T00:03:03","modified_gmt":"2026-01-01T00:03:03","slug":"mozaik-ploscice-mosavit-pandora-zen-25","status":"publish","type":"product","link":"https:\/\/www.keramika.com\/slovenija\/mozaik-ploscice-mosavit-pandora-zen-25\/","title":{"rendered":"Mozaik plo\u0161\u010dice Mosavit Pandora Zen 25"},"content":{"rendered":"<p>Mozaik je debel kar 5 mm, kar ga uvr\u0161\u010da med bolj trde mozaik plo\u0161\u010dice. Na spletu boste za ta mozaik od\u0161teli le 121,25 EUR, medtem ko v redni prodaji cena zna\u0161a 151,56 EUR. Zelo moderen mozaik v dominanti vijoli\u010dni barvi popestri prav vsak prostor. Velikost mre\u017ee z mozaikom je 31,6&#215;31,6 cm, kar omogo\u010da enostavno polaganje. Mosaic Pandora Zen 25 je plo\u0161\u010dica proizvajalca Mosavit in prihaja iz \u0160panije.<\/p>\n<p>Technical description: <\/p>\n<p>Min. 1 box &#8211; Delivery 30 Euro\/box in EU<\/p>\n","protected":false},"excerpt":{"rendered":"<p>Mozaik je debel kar 5 mm, kar ga uvr\u0161\u010da med bolj trde mozaik plo\u0161\u010dice. Na spletu boste za ta mozaik od\u0161teli le 121,25 EUR, medtem ko v redni prodaji cena zna\u0161a 151,56 EUR. Zelo moderen mozaik v dominanti vijoli\u010dni barvi popestri prav vsak prostor. Velikost mre\u017ee z mozaikom je 31,6&#215;31,6 cm, kar omogo\u010da enostavno polaganje. [&hellip;]<\/p>\n","protected":false},"featured_media":101349,"template":"","meta":[],"product_cat":[999405,400,999,410],"product_tag":[],"_links":{"self":[{"href":"https:\/\/www.keramika.com\/slovenija\/wp-json\/wp\/v2\/product\/101348"}],"collection":[{"href":"https:\/\/www.keramika.com\/slovenija\/wp-json\/wp\/v2\/product"}],"about":[{"href":"https:\/\/www.keramika.com\/slovenija\/wp-json\/wp\/v2\/types\/product"}],"wp:featuredmedia":[{"embeddable":true,"href":"https:\/\/www.keramika.com\/slovenija\/wp-json\/wp\/v2\/media\/101349"}],"wp:attachment":[{"href":"https:\/\/www.keramika.com\/slovenija\/wp-json\/wp\/v2\/media?parent=101348"}],"wp:term":[{"taxonomy":"product_cat","embeddable":true,"href":"https:\/\/www.keramika.com\/slovenija\/wp-json\/wp\/v2\/product_cat?post=101348"},{"taxonomy":"product_tag","embeddable":true,"href":"https:\/\/www.keramika.com\/slovenija\/wp-json\/wp\/v2\/product_tag?post=101348"}],"curies":[{"name":"wp","href":"https:\/\/api.w.org\/{rel}","templated":true}]}}