{"id":101342,"date":"2017-03-22T22:54:43","date_gmt":"2017-03-22T22:54:43","guid":{"rendered":"http:\/\/keramika.holest.com\/slovenija\/product\/mozaik-ploscice-mosavit-pandora-wengue-50\/"},"modified":"2026-01-01T00:03:02","modified_gmt":"2026-01-01T00:03:02","slug":"mozaik-ploscice-mosavit-pandora-wengue-50","status":"publish","type":"product","link":"https:\/\/www.keramika.com\/slovenija\/mozaik-ploscice-mosavit-pandora-wengue-50\/","title":{"rendered":"Mozaik plo\u0161\u010dice Mosavit Pandora Wengue 50"},"content":{"rendered":"<p>V redni prodaji bi morali za ta mozaik od\u0161teti 156,25 EUR, spletna cena pa zna\u0161a le 125 EUR. Ta mozaik je izdelal proizvajalec Mosavit, ki prihaja iz \u0160panije. Zelo moderen mozaik v dominanti rjavi barvi popestri prav vsak prostor. Z velikostjo mre\u017ee 31,6&#215;31,6 cm na katero je pripet, je ta mozaik primeren ze razli\u010dne povr\u0161ine. Ta mozaik je debel 5 mm in je zelo trpe\u017een.<\/p>\n<p>Technical description: <\/p>\n<p>Min. 1 box &#8211; Delivery 30 Euro\/box in EU<\/p>\n","protected":false},"excerpt":{"rendered":"<p>V redni prodaji bi morali za ta mozaik od\u0161teti 156,25 EUR, spletna cena pa zna\u0161a le 125 EUR. Ta mozaik je izdelal proizvajalec Mosavit, ki prihaja iz \u0160panije. Zelo moderen mozaik v dominanti rjavi barvi popestri prav vsak prostor. Z velikostjo mre\u017ee 31,6&#215;31,6 cm na katero je pripet, je ta mozaik primeren ze razli\u010dne povr\u0161ine. [&hellip;]<\/p>\n","protected":false},"featured_media":101343,"template":"","meta":[],"product_cat":[999405,400,999,410],"product_tag":[],"_links":{"self":[{"href":"https:\/\/www.keramika.com\/slovenija\/wp-json\/wp\/v2\/product\/101342"}],"collection":[{"href":"https:\/\/www.keramika.com\/slovenija\/wp-json\/wp\/v2\/product"}],"about":[{"href":"https:\/\/www.keramika.com\/slovenija\/wp-json\/wp\/v2\/types\/product"}],"wp:featuredmedia":[{"embeddable":true,"href":"https:\/\/www.keramika.com\/slovenija\/wp-json\/wp\/v2\/media\/101343"}],"wp:attachment":[{"href":"https:\/\/www.keramika.com\/slovenija\/wp-json\/wp\/v2\/media?parent=101342"}],"wp:term":[{"taxonomy":"product_cat","embeddable":true,"href":"https:\/\/www.keramika.com\/slovenija\/wp-json\/wp\/v2\/product_cat?post=101342"},{"taxonomy":"product_tag","embeddable":true,"href":"https:\/\/www.keramika.com\/slovenija\/wp-json\/wp\/v2\/product_tag?post=101342"}],"curies":[{"name":"wp","href":"https:\/\/api.w.org\/{rel}","templated":true}]}}