{"id":101336,"date":"2017-03-22T22:54:34","date_gmt":"2017-03-22T22:54:34","guid":{"rendered":"http:\/\/keramika.holest.com\/slovenija\/product\/mozaik-ploscice-mosavit-pandora-bianco-50\/"},"modified":"2026-01-01T00:03:01","modified_gmt":"2026-01-01T00:03:01","slug":"mozaik-ploscice-mosavit-pandora-bianco-50","status":"publish","type":"product","link":"https:\/\/www.keramika.com\/slovenija\/mozaik-ploscice-mosavit-pandora-bianco-50\/","title":{"rendered":"Mozaik plo\u0161\u010dice Mosavit Pandora Bianco 50"},"content":{"rendered":"<p>Debelina plo\u0161\u010dice je zelo pomembna in 5 mm uvr\u0161\u010da ta mozaik med najkvalitetnej\u0161e. Ta model mozaik plo\u0161\u010dic se najbolje prodaja v beli barvi. Redna cena tega mozaika v maloprodaji zna\u0161a 156,25 EUR, v na\u0161i spletni trgovini pa ga lahko dobite \u017ee za 125 EUR. Mosaic Pandora Bianco 50 je pripeljana iz \u0160panije in je zelo kvalitetna. Mozaik na sliki je pripet na mre\u017eo, kar olaj\u0161a njegovo polaganje. Mre\u017ea je velika 31,6&#215;31,6 cm.<\/p>\n<p>Technical description: <\/p>\n<p>Min. 1 box &#8211; Delivery 30 Euro\/box in EU<\/p>\n","protected":false},"excerpt":{"rendered":"<p>Debelina plo\u0161\u010dice je zelo pomembna in 5 mm uvr\u0161\u010da ta mozaik med najkvalitetnej\u0161e. Ta model mozaik plo\u0161\u010dic se najbolje prodaja v beli barvi. Redna cena tega mozaika v maloprodaji zna\u0161a 156,25 EUR, v na\u0161i spletni trgovini pa ga lahko dobite \u017ee za 125 EUR. Mosaic Pandora Bianco 50 je pripeljana iz \u0160panije in je zelo [&hellip;]<\/p>\n","protected":false},"featured_media":101337,"template":"","meta":[],"product_cat":[999405,400,999,410],"product_tag":[],"_links":{"self":[{"href":"https:\/\/www.keramika.com\/slovenija\/wp-json\/wp\/v2\/product\/101336"}],"collection":[{"href":"https:\/\/www.keramika.com\/slovenija\/wp-json\/wp\/v2\/product"}],"about":[{"href":"https:\/\/www.keramika.com\/slovenija\/wp-json\/wp\/v2\/types\/product"}],"wp:featuredmedia":[{"embeddable":true,"href":"https:\/\/www.keramika.com\/slovenija\/wp-json\/wp\/v2\/media\/101337"}],"wp:attachment":[{"href":"https:\/\/www.keramika.com\/slovenija\/wp-json\/wp\/v2\/media?parent=101336"}],"wp:term":[{"taxonomy":"product_cat","embeddable":true,"href":"https:\/\/www.keramika.com\/slovenija\/wp-json\/wp\/v2\/product_cat?post=101336"},{"taxonomy":"product_tag","embeddable":true,"href":"https:\/\/www.keramika.com\/slovenija\/wp-json\/wp\/v2\/product_tag?post=101336"}],"curies":[{"name":"wp","href":"https:\/\/api.w.org\/{rel}","templated":true}]}}