{"id":101334,"date":"2017-03-22T22:54:31","date_gmt":"2017-03-22T22:54:31","guid":{"rendered":"http:\/\/keramika.holest.com\/slovenija\/product\/mozaik-ploscice-mosavit-pandora-inox-50\/"},"modified":"2026-01-01T00:03:01","modified_gmt":"2026-01-01T00:03:01","slug":"mozaik-ploscice-mosavit-pandora-inox-50","status":"publish","type":"product","link":"https:\/\/www.keramika.com\/slovenija\/mozaik-ploscice-mosavit-pandora-inox-50\/","title":{"rendered":"Mozaik plo\u0161\u010dice Mosavit Pandora Inox 50"},"content":{"rendered":"<p>Pri izbiri mozaika v glavni srebrni barvi ne morete zgre\u0161iti. Prihaja iz \u0160panije, ki po svetu slovi kot ena bolj\u0161ih proizvajalk kerami\u010dnih plo\u0161\u010dic. 5 mm je debelina, ki zadovolji tudi zahtevnej\u0161e kupce. Redna cena tega mozaika v maloprodaji zna\u0161a 181,25 EUR, v na\u0161i spletni trgovini pa ga lahko dobite \u017ee za 145 EUR. Z 31,6&#215;31,6 cm je mre\u017ea na katero so pripete te mozaik plo\u0161\u010dice primerna za razli\u010dne podlage.<\/p>\n<p>Technical description: <\/p>\n<p>Min. 1 box &#8211; Delivery 30 Euro\/box in EU<\/p>\n","protected":false},"excerpt":{"rendered":"<p>Pri izbiri mozaika v glavni srebrni barvi ne morete zgre\u0161iti. Prihaja iz \u0160panije, ki po svetu slovi kot ena bolj\u0161ih proizvajalk kerami\u010dnih plo\u0161\u010dic. 5 mm je debelina, ki zadovolji tudi zahtevnej\u0161e kupce. Redna cena tega mozaika v maloprodaji zna\u0161a 181,25 EUR, v na\u0161i spletni trgovini pa ga lahko dobite \u017ee za 145 EUR. Z 31,6&#215;31,6 [&hellip;]<\/p>\n","protected":false},"featured_media":101335,"template":"","meta":[],"product_cat":[999405,400,999,410],"product_tag":[],"_links":{"self":[{"href":"https:\/\/www.keramika.com\/slovenija\/wp-json\/wp\/v2\/product\/101334"}],"collection":[{"href":"https:\/\/www.keramika.com\/slovenija\/wp-json\/wp\/v2\/product"}],"about":[{"href":"https:\/\/www.keramika.com\/slovenija\/wp-json\/wp\/v2\/types\/product"}],"wp:featuredmedia":[{"embeddable":true,"href":"https:\/\/www.keramika.com\/slovenija\/wp-json\/wp\/v2\/media\/101335"}],"wp:attachment":[{"href":"https:\/\/www.keramika.com\/slovenija\/wp-json\/wp\/v2\/media?parent=101334"}],"wp:term":[{"taxonomy":"product_cat","embeddable":true,"href":"https:\/\/www.keramika.com\/slovenija\/wp-json\/wp\/v2\/product_cat?post=101334"},{"taxonomy":"product_tag","embeddable":true,"href":"https:\/\/www.keramika.com\/slovenija\/wp-json\/wp\/v2\/product_tag?post=101334"}],"curies":[{"name":"wp","href":"https:\/\/api.w.org\/{rel}","templated":true}]}}