{"id":101332,"date":"2017-03-22T22:54:29","date_gmt":"2017-03-22T22:54:29","guid":{"rendered":"http:\/\/keramika.holest.com\/slovenija\/product\/mozaik-ploscice-mosavit-pandora-silver-50\/"},"modified":"2026-01-01T00:03:01","modified_gmt":"2026-01-01T00:03:01","slug":"mozaik-ploscice-mosavit-pandora-silver-50","status":"publish","type":"product","link":"https:\/\/www.keramika.com\/slovenija\/mozaik-ploscice-mosavit-pandora-silver-50\/","title":{"rendered":"Mozaik plo\u0161\u010dice Mosavit Pandora Silver 50"},"content":{"rendered":"<p>Mosaic Pandora Silver 50 je plo\u0161\u010dica proizvajalca Mosavit in prihaja iz \u0160panije. Keramika v srebrni barvi popestri vsak prostor. Redna cena tega mozaika v maloprodaji zna\u0161a 107,81 EUR, v na\u0161i spletni trgovini pa ga lahko dobite \u017ee za 86,25 EUR. Dimenzije mre\u017ee na katero je pripet ta mozaik so 31,6&#215;31,6 cm. Mre\u017ea omogo\u010da enostavnej\u0161e polaganje. 5 mm debeline je dovolj tudi za zahtevnej\u0161e kupce.<\/p>\n<p>Technical description: <\/p>\n<p>Min. 1 box &#8211; Delivery 30 Euro\/box in EU<\/p>\n","protected":false},"excerpt":{"rendered":"<p>Mosaic Pandora Silver 50 je plo\u0161\u010dica proizvajalca Mosavit in prihaja iz \u0160panije. Keramika v srebrni barvi popestri vsak prostor. Redna cena tega mozaika v maloprodaji zna\u0161a 107,81 EUR, v na\u0161i spletni trgovini pa ga lahko dobite \u017ee za 86,25 EUR. Dimenzije mre\u017ee na katero je pripet ta mozaik so 31,6&#215;31,6 cm. Mre\u017ea omogo\u010da enostavnej\u0161e polaganje. [&hellip;]<\/p>\n","protected":false},"featured_media":101333,"template":"","meta":[],"product_cat":[999405,400,999,410],"product_tag":[],"_links":{"self":[{"href":"https:\/\/www.keramika.com\/slovenija\/wp-json\/wp\/v2\/product\/101332"}],"collection":[{"href":"https:\/\/www.keramika.com\/slovenija\/wp-json\/wp\/v2\/product"}],"about":[{"href":"https:\/\/www.keramika.com\/slovenija\/wp-json\/wp\/v2\/types\/product"}],"wp:featuredmedia":[{"embeddable":true,"href":"https:\/\/www.keramika.com\/slovenija\/wp-json\/wp\/v2\/media\/101333"}],"wp:attachment":[{"href":"https:\/\/www.keramika.com\/slovenija\/wp-json\/wp\/v2\/media?parent=101332"}],"wp:term":[{"taxonomy":"product_cat","embeddable":true,"href":"https:\/\/www.keramika.com\/slovenija\/wp-json\/wp\/v2\/product_cat?post=101332"},{"taxonomy":"product_tag","embeddable":true,"href":"https:\/\/www.keramika.com\/slovenija\/wp-json\/wp\/v2\/product_tag?post=101332"}],"curies":[{"name":"wp","href":"https:\/\/api.w.org\/{rel}","templated":true}]}}