{"id":101316,"date":"2017-12-06T22:54:09","date_gmt":"2017-12-06T22:54:09","guid":{"rendered":"http:\/\/keramika.holest.com\/slovenija\/product\/mozaik-ploscice-mosavit-pandora-bianco-100\/"},"modified":"2026-01-01T00:02:58","modified_gmt":"2026-01-01T00:02:58","slug":"stekleni-mozaik-pandora","status":"publish","type":"product","link":"https:\/\/www.keramika.com\/slovenija\/stekleni-mozaik-pandora\/","title":{"rendered":"Stekleni mozaik Pandora"},"content":{"rendered":"<p>181,25 EUR v klasi\u010dni trgovini, pri nas pa le 145 EUR. Pri izbiri mozaika v glavni beli barvi ne morete zgre\u0161iti. Mosaic Pandora Bianco 100 je pripeljana iz \u0160panije in je zelo kvalitetna. Z 31,6&#215;31,6 cm je mre\u017ea na katero so pripete te mozaik plo\u0161\u010dice primerna za razli\u010dne podlage. Debelina kar 5 mm dela ta mozaik zelo trpe\u017een in presti\u017een na otip.<\/p>\n<p>Dekorativni 3D mozaik za steno 2,5 \u00d7 2,5 cm.<br \/>\nNajmanj\u0161e naro\u010dilo: 2 m2. Brezpla\u010dna dostava v EU.<br \/>\n[vc_row][vc_column width=&#8221;1\/3&#8243;][vc_single_image source=&#8221;external_link&#8221; onclick=&#8221;link_image&#8221; custom_src=&#8221;https:\/\/www.ceramictiles.com\/images\/mosavit\/mosavit_pandora_bianco_100.jpg&#8221; el_class=&#8221;eheight&#8221;]<br \/>[vc_column_text]<strong><br \/>Pandora Bianco 100<\/strong><br \/><a class=\"pdfcatal\" href=\"\/\/www.ceramictiles.com\/pdf\/catalogue_mosavit_desing.pdf\" onclick=\"recordOutboundLink(this, 'E-mail', 'Description PDF');return false;\"> PDF Zbirni katalog<\/a><\/a><br \/>Za najbolj\u0161o ponudbo nam po\u0161ljite natan\u010dno: barvo, velikost, koli\u010dino in naslov za dostavo.<br \/><a href=\"mailto:keramoteka.salon@gmail.com\" onclick=\"recordOutboundLink(this, 'E-mail', 'Description mail');return false;\">Po\u0161ta za zahtevo<\/a>[\/vc_column_text][vc_separator color=&#8221;black&#8221; border_width=&#8221;2&#8243;]<br \/>\n[\/vc_column][vc_column width=&#8221;1\/3&#8243;][vc_single_image source=&#8221;external_link&#8221; onclick=&#8221;link_image&#8221; custom_src=&#8221;https:\/\/www.ceramictiles.com\/images\/mosavit\/mosavit_pandora_bianco_50.jpg&#8221; el_class=&#8221;eheight&#8221;]<br \/>[vc_column_text]<strong><br \/>Pandora Bianco 50<\/strong><br \/><a class=\"pdfcatal\" href=\"\/\/www.ceramictiles.com\/pdf\/catalogue_mosavit_desing.pdf\" onclick=\"recordOutboundLink(this, 'E-mail', 'Description PDF');return false;\"> PDF Zbirni katalog<\/a><\/a><br \/>Za najbolj\u0161o ponudbo nam po\u0161ljite natan\u010dno: barvo, velikost, koli\u010dino in naslov za dostavo.<br \/><a href=\"mailto:keramoteka.salon@gmail.com\" onclick=\"recordOutboundLink(this, 'E-mail', 'Description mail');return false;\">Po\u0161ta za zahtevo<\/a>[\/vc_column_text][vc_separator color=&#8221;black&#8221; border_width=&#8221;2&#8243;]<br \/>\n[\/vc_column][vc_column width=&#8221;1\/3&#8243;][vc_single_image source=&#8221;external_link&#8221; onclick=&#8221;link_image&#8221; custom_src=&#8221;https:\/\/www.ceramictiles.com\/images\/mosavit\/mosavit_pandora_dore_100.jpg&#8221; el_class=&#8221;eheight&#8221;]<br \/>[vc_column_text]<strong><br \/>Pandora Dore 100<\/strong><br \/><a class=\"pdfcatal\" href=\"\/\/www.ceramictiles.com\/pdf\/catalogue_mosavit_desing.pdf\" onclick=\"recordOutboundLink(this, 'E-mail', 'Description PDF');return false;\"> PDF Zbirni katalog<\/a><\/a><br \/>Za najbolj\u0161o ponudbo nam po\u0161ljite natan\u010dno: barvo, velikost, koli\u010dino in naslov za dostavo.<br \/><a href=\"mailto:keramoteka.salon@gmail.com\" onclick=\"recordOutboundLink(this, 'E-mail', 'Description mail');return false;\">Po\u0161ta za zahtevo<\/a>[\/vc_column_text][vc_separator color=&#8221;black&#8221; border_width=&#8221;2&#8243;]<br \/>\n[\/vc_column][vc_column width=&#8221;1\/3&#8243;][vc_single_image source=&#8221;external_link&#8221; onclick=&#8221;link_image&#8221; custom_src=&#8221;https:\/\/www.ceramictiles.com\/images\/mosavit\/mosavit_pandora_dore_50.jpg&#8221; el_class=&#8221;eheight&#8221;]<br \/>[vc_column_text]<strong><br \/>Pandora Dore 50<\/strong><br \/><a class=\"pdfcatal\" href=\"\/\/www.ceramictiles.com\/pdf\/catalogue_mosavit_desing.pdf\" onclick=\"recordOutboundLink(this, 'E-mail', 'Description PDF');return false;\"> PDF Zbirni katalog<\/a><\/a><br \/>Za najbolj\u0161o ponudbo nam po\u0161ljite natan\u010dno: barvo, velikost, koli\u010dino in naslov za dostavo.<br \/><a href=\"mailto:keramoteka.salon@gmail.com\" onclick=\"recordOutboundLink(this, 'E-mail', 'Description mail');return false;\">Po\u0161ta za zahtevo<\/a>[\/vc_column_text][vc_separator color=&#8221;black&#8221; border_width=&#8221;2&#8243;]<br \/>\n[\/vc_column][vc_column width=&#8221;1\/3&#8243;][vc_single_image source=&#8221;external_link&#8221; onclick=&#8221;link_image&#8221; custom_src=&#8221;https:\/\/www.ceramictiles.com\/images\/mosavit\/mosavit_pandora_ferro_100.jpg&#8221; el_class=&#8221;eheight&#8221;]<br \/>[vc_column_text]<strong><br \/>Pandora Ferro 100<\/strong><br \/><a class=\"pdfcatal\" href=\"\/\/www.ceramictiles.com\/pdf\/catalogue_mosavit_desing.pdf\" onclick=\"recordOutboundLink(this, 'E-mail', 'Description PDF');return false;\"> PDF Zbirni katalog<\/a><\/a><br \/>Za najbolj\u0161o ponudbo nam po\u0161ljite natan\u010dno: barvo, velikost, koli\u010dino in naslov za dostavo.<br \/><a href=\"mailto:keramoteka.salon@gmail.com\" onclick=\"recordOutboundLink(this, 'E-mail', 'Description mail');return false;\">Po\u0161ta za zahtevo<\/a>[\/vc_column_text][vc_separator color=&#8221;black&#8221; border_width=&#8221;2&#8243;]<br \/>\n[\/vc_column][vc_column width=&#8221;1\/3&#8243;][vc_single_image source=&#8221;external_link&#8221; onclick=&#8221;link_image&#8221; custom_src=&#8221;https:\/\/www.ceramictiles.com\/images\/mosavit\/mosavit_pandora_ferro_50.jpg&#8221; el_class=&#8221;eheight&#8221;]<br \/>[vc_column_text]<strong><br \/>Pandora Ferro 50<\/strong><br \/><a class=\"pdfcatal\" href=\"\/\/www.ceramictiles.com\/pdf\/catalogue_mosavit_desing.pdf\" onclick=\"recordOutboundLink(this, 'E-mail', 'Description PDF');return false;\"> PDF Zbirni katalog<\/a><\/a><br \/>Za najbolj\u0161o ponudbo nam po\u0161ljite natan\u010dno: barvo, velikost, koli\u010dino in naslov za dostavo.<br \/><a href=\"mailto:keramoteka.salon@gmail.com\" onclick=\"recordOutboundLink(this, 'E-mail', 'Description mail');return false;\">Po\u0161ta za zahtevo<\/a>[\/vc_column_text][vc_separator color=&#8221;black&#8221; border_width=&#8221;2&#8243;]<br \/>\n[\/vc_column][vc_column width=&#8221;1\/3&#8243;][vc_single_image source=&#8221;external_link&#8221; onclick=&#8221;link_image&#8221; custom_src=&#8221;https:\/\/www.ceramictiles.com\/images\/mosavit\/mosavit_pandora_inox_100.jpg&#8221; el_class=&#8221;eheight&#8221;]<br \/>[vc_column_text]<strong><br \/>Pandora Inox 100<\/strong><br \/><a class=\"pdfcatal\" href=\"\/\/www.ceramictiles.com\/pdf\/catalogue_mosavit_desing.pdf\" onclick=\"recordOutboundLink(this, 'E-mail', 'Description PDF');return false;\"> PDF Zbirni katalog<\/a><\/a><br \/>Za najbolj\u0161o ponudbo nam po\u0161ljite natan\u010dno: barvo, velikost, koli\u010dino in naslov za dostavo.<br \/><a href=\"mailto:keramoteka.salon@gmail.com\" onclick=\"recordOutboundLink(this, 'E-mail', 'Description mail');return false;\">Po\u0161ta za zahtevo<\/a>[\/vc_column_text][vc_separator color=&#8221;black&#8221; border_width=&#8221;2&#8243;]<br \/>\n[\/vc_column][vc_column width=&#8221;1\/3&#8243;][vc_single_image source=&#8221;external_link&#8221; onclick=&#8221;link_image&#8221; custom_src=&#8221;https:\/\/www.ceramictiles.com\/images\/mosavit\/mosavit_pandora_inox_50.jpg&#8221; el_class=&#8221;eheight&#8221;]<br \/>[vc_column_text]<strong><br \/>Pandora Inox 50<\/strong><br \/><a class=\"pdfcatal\" href=\"\/\/www.ceramictiles.com\/pdf\/catalogue_mosavit_desing.pdf\" onclick=\"recordOutboundLink(this, 'E-mail', 'Description PDF');return false;\"> PDF Zbirni katalog<\/a><\/a><br \/>Za najbolj\u0161o ponudbo nam po\u0161ljite natan\u010dno: barvo, velikost, koli\u010dino in naslov za dostavo.<br \/><a href=\"mailto:keramoteka.salon@gmail.com\" onclick=\"recordOutboundLink(this, 'E-mail', 'Description mail');return false;\">Po\u0161ta za zahtevo<\/a>[\/vc_column_text][vc_separator color=&#8221;black&#8221; border_width=&#8221;2&#8243;]<br \/>\n[\/vc_column][vc_column width=&#8221;1\/3&#8243;][vc_single_image source=&#8221;external_link&#8221; onclick=&#8221;link_image&#8221; custom_src=&#8221;https:\/\/www.ceramictiles.com\/images\/mosavit\/mosavit_pandora_oda_100.jpg&#8221; el_class=&#8221;eheight&#8221;]<br \/>[vc_column_text]<strong><br \/>Pandora Oda 100<\/strong><br \/><a class=\"pdfcatal\" href=\"\/\/www.ceramictiles.com\/pdf\/catalogue_mosavit_desing.pdf\" onclick=\"recordOutboundLink(this, 'E-mail', 'Description PDF');return false;\"> PDF Zbirni katalog<\/a><\/a><br \/>Za najbolj\u0161o ponudbo nam po\u0161ljite natan\u010dno: barvo, velikost, koli\u010dino in naslov za dostavo.<br \/><a href=\"mailto:keramoteka.salon@gmail.com\" onclick=\"recordOutboundLink(this, 'E-mail', 'Description mail');return false;\">Po\u0161ta za zahtevo<\/a>[\/vc_column_text][vc_separator color=&#8221;black&#8221; border_width=&#8221;2&#8243;]<br \/>\n[\/vc_column][vc_column width=&#8221;1\/3&#8243;][vc_single_image source=&#8221;external_link&#8221; onclick=&#8221;link_image&#8221; custom_src=&#8221;https:\/\/www.ceramictiles.com\/images\/mosavit\/mosavit_pandora_oda_50.jpg&#8221; el_class=&#8221;eheight&#8221;]<br \/>[vc_column_text]<strong><br \/>Pandora Oda 50<\/strong><br \/><a class=\"pdfcatal\" href=\"\/\/www.ceramictiles.com\/pdf\/catalogue_mosavit_desing.pdf\" onclick=\"recordOutboundLink(this, 'E-mail', 'Description PDF');return false;\"> PDF Zbirni katalog<\/a><\/a><br \/>Za najbolj\u0161o ponudbo nam po\u0161ljite natan\u010dno: barvo, velikost, koli\u010dino in naslov za dostavo.<br \/><a href=\"mailto:keramoteka.salon@gmail.com\" onclick=\"recordOutboundLink(this, 'E-mail', 'Description mail');return false;\">Po\u0161ta za zahtevo<\/a>[\/vc_column_text][vc_separator color=&#8221;black&#8221; border_width=&#8221;2&#8243;]<br \/>\n[\/vc_column][vc_column width=&#8221;1\/3&#8243;][vc_single_image source=&#8221;external_link&#8221; onclick=&#8221;link_image&#8221; custom_src=&#8221;https:\/\/www.ceramictiles.com\/images\/mosavit\/mosavit_pandora_silver_100.jpg&#8221; el_class=&#8221;eheight&#8221;]<br \/>[vc_column_text]<strong><br \/>Pandora Silver 100<\/strong><br \/><a class=\"pdfcatal\" href=\"\/\/www.ceramictiles.com\/pdf\/catalogue_mosavit_desing.pdf\" onclick=\"recordOutboundLink(this, 'E-mail', 'Description PDF');return false;\"> PDF Zbirni katalog<\/a><\/a><br \/>Za najbolj\u0161o ponudbo nam po\u0161ljite natan\u010dno: barvo, velikost, koli\u010dino in naslov za dostavo.<br \/><a href=\"mailto:keramoteka.salon@gmail.com\" onclick=\"recordOutboundLink(this, 'E-mail', 'Description mail');return false;\">Po\u0161ta za zahtevo<\/a>[\/vc_column_text][vc_separator color=&#8221;black&#8221; border_width=&#8221;2&#8243;]<br \/>\n[\/vc_column][vc_column width=&#8221;1\/3&#8243;][vc_single_image source=&#8221;external_link&#8221; onclick=&#8221;link_image&#8221; custom_src=&#8221;https:\/\/www.ceramictiles.com\/images\/mosavit\/mosavit_pandora_silver_50.jpg&#8221; el_class=&#8221;eheight&#8221;]<br \/>[vc_column_text]<strong><br \/>Pandora Silver 50<\/strong><br \/><a class=\"pdfcatal\" href=\"\/\/www.ceramictiles.com\/pdf\/catalogue_mosavit_desing.pdf\" onclick=\"recordOutboundLink(this, 'E-mail', 'Description PDF');return false;\"> PDF Zbirni katalog<\/a><\/a><br \/>Za najbolj\u0161o ponudbo nam po\u0161ljite natan\u010dno: barvo, velikost, koli\u010dino in naslov za dostavo.<br \/><a href=\"mailto:keramoteka.salon@gmail.com\" onclick=\"recordOutboundLink(this, 'E-mail', 'Description mail');return false;\">Po\u0161ta za zahtevo<\/a>[\/vc_column_text][vc_separator color=&#8221;black&#8221; border_width=&#8221;2&#8243;]<br \/>\n[\/vc_column][vc_column width=&#8221;1\/3&#8243;][vc_single_image source=&#8221;external_link&#8221; onclick=&#8221;link_image&#8221; custom_src=&#8221;https:\/\/www.ceramictiles.com\/images\/mosavit\/mosavit_pandora_tornasol_100.jpg&#8221; el_class=&#8221;eheight&#8221;]<br \/>[vc_column_text]<strong><br \/>Pandora Tornasol 100<\/strong><br \/><a class=\"pdfcatal\" href=\"\/\/www.ceramictiles.com\/pdf\/catalogue_mosavit_desing.pdf\" onclick=\"recordOutboundLink(this, 'E-mail', 'Description PDF');return false;\"> PDF Zbirni katalog<\/a><\/a><br \/>Za najbolj\u0161o ponudbo nam po\u0161ljite natan\u010dno: barvo, velikost, koli\u010dino in naslov za dostavo.<br \/><a href=\"mailto:keramoteka.salon@gmail.com\" onclick=\"recordOutboundLink(this, 'E-mail', 'Description mail');return false;\">Po\u0161ta za zahtevo<\/a>[\/vc_column_text][vc_separator color=&#8221;black&#8221; border_width=&#8221;2&#8243;]<br \/>\n[\/vc_column][vc_column width=&#8221;1\/3&#8243;][vc_single_image source=&#8221;external_link&#8221; onclick=&#8221;link_image&#8221; custom_src=&#8221;https:\/\/www.ceramictiles.com\/images\/mosavit\/mosavit_pandora_tornasol_50.jpg&#8221; el_class=&#8221;eheight&#8221;]<br \/>[vc_column_text]<strong><br \/>Pandora Tornasol 50<\/strong><br \/><a class=\"pdfcatal\" href=\"\/\/www.ceramictiles.com\/pdf\/catalogue_mosavit_desing.pdf\" onclick=\"recordOutboundLink(this, 'E-mail', 'Description PDF');return false;\"> PDF Zbirni katalog<\/a><\/a><br \/>Za najbolj\u0161o ponudbo nam po\u0161ljite natan\u010dno: barvo, velikost, koli\u010dino in naslov za dostavo.<br \/><a href=\"mailto:keramoteka.salon@gmail.com\" onclick=\"recordOutboundLink(this, 'E-mail', 'Description mail');return false;\">Po\u0161ta za zahtevo<\/a>[\/vc_column_text][vc_separator color=&#8221;black&#8221; border_width=&#8221;2&#8243;]<br \/>\n[\/vc_column][vc_column width=&#8221;1\/3&#8243;][vc_single_image source=&#8221;external_link&#8221; onclick=&#8221;link_image&#8221; custom_src=&#8221;https:\/\/www.ceramictiles.com\/images\/mosavit\/mosavit_pandora_vainiglia_100.jpg&#8221; el_class=&#8221;eheight&#8221;]<br \/>[vc_column_text]<strong><br \/>Pandora Vainiglia 100<\/strong><br \/><a class=\"pdfcatal\" href=\"\/\/www.ceramictiles.com\/pdf\/catalogue_mosavit_desing.pdf\" onclick=\"recordOutboundLink(this, 'E-mail', 'Description PDF');return false;\"> PDF Zbirni katalog<\/a><\/a><br \/>Za najbolj\u0161o ponudbo nam po\u0161ljite natan\u010dno: barvo, velikost, koli\u010dino in naslov za dostavo.<br \/><a href=\"mailto:keramoteka.salon@gmail.com\" onclick=\"recordOutboundLink(this, 'E-mail', 'Description mail');return false;\">Po\u0161ta za zahtevo<\/a>[\/vc_column_text][vc_separator color=&#8221;black&#8221; border_width=&#8221;2&#8243;]<br \/>\n[\/vc_column][vc_column width=&#8221;1\/3&#8243;][vc_single_image source=&#8221;external_link&#8221; onclick=&#8221;link_image&#8221; custom_src=&#8221;https:\/\/www.ceramictiles.com\/images\/mosavit\/mosavit_pandora_vainiglia_50.jpg&#8221; el_class=&#8221;eheight&#8221;]<br \/>[vc_column_text]<strong><br \/>Pandora Vainiglia 50<\/strong><br \/><a class=\"pdfcatal\" href=\"\/\/www.ceramictiles.com\/pdf\/catalogue_mosavit_desing.pdf\" onclick=\"recordOutboundLink(this, 'E-mail', 'Description PDF');return false;\"> PDF Zbirni katalog<\/a><\/a><br \/>Za najbolj\u0161o ponudbo nam po\u0161ljite natan\u010dno: barvo, velikost, koli\u010dino in naslov za dostavo.<br \/><a href=\"mailto:keramoteka.salon@gmail.com\" onclick=\"recordOutboundLink(this, 'E-mail', 'Description mail');return false;\">Po\u0161ta za zahtevo<\/a>[\/vc_column_text][vc_separator color=&#8221;black&#8221; border_width=&#8221;2&#8243;]<br \/>\n[\/vc_column][vc_column width=&#8221;1\/3&#8243;][vc_single_image source=&#8221;external_link&#8221; onclick=&#8221;link_image&#8221; custom_src=&#8221;https:\/\/www.ceramictiles.com\/images\/mosavit\/mosavit_pandora_wengue_100.jpg&#8221; el_class=&#8221;eheight&#8221;]<br \/>[vc_column_text]<strong><br \/>Pandora Wengue 100<\/strong><br \/><a class=\"pdfcatal\" href=\"\/\/www.ceramictiles.com\/pdf\/catalogue_mosavit_desing.pdf\" onclick=\"recordOutboundLink(this, 'E-mail', 'Description PDF');return false;\"> PDF Zbirni katalog<\/a><\/a><br \/>Za najbolj\u0161o ponudbo nam po\u0161ljite natan\u010dno: barvo, velikost, koli\u010dino in naslov za dostavo.<br \/><a href=\"mailto:keramoteka.salon@gmail.com\" onclick=\"recordOutboundLink(this, 'E-mail', 'Description mail');return false;\">Po\u0161ta za zahtevo<\/a>[\/vc_column_text][vc_separator color=&#8221;black&#8221; border_width=&#8221;2&#8243;]<br \/>\n[\/vc_column][vc_column width=&#8221;1\/3&#8243;][vc_single_image source=&#8221;external_link&#8221; onclick=&#8221;link_image&#8221; custom_src=&#8221;https:\/\/www.ceramictiles.com\/images\/mosavit\/mosavit_pandora_wengue_50.jpg&#8221; el_class=&#8221;eheight&#8221;]<br \/>[vc_column_text]<strong><br \/>Pandora Wengue 50<\/strong><br \/><a class=\"pdfcatal\" href=\"\/\/www.ceramictiles.com\/pdf\/catalogue_mosavit_desing.pdf\" onclick=\"recordOutboundLink(this, 'E-mail', 'Description PDF');return false;\"> PDF Zbirni katalog<\/a><\/a><br \/>Za najbolj\u0161o ponudbo nam po\u0161ljite natan\u010dno: barvo, velikost, koli\u010dino in naslov za dostavo.<br \/><a href=\"mailto:keramoteka.salon@gmail.com\" onclick=\"recordOutboundLink(this, 'E-mail', 'Description mail');return false;\">Po\u0161ta za zahtevo<\/a>[\/vc_column_text][vc_separator color=&#8221;black&#8221; border_width=&#8221;2&#8243;]<br \/>\n[\/vc_column][vc_column width=&#8221;1\/3&#8243;][vc_single_image source=&#8221;external_link&#8221; onclick=&#8221;link_image&#8221; custom_src=&#8221;https:\/\/www.ceramictiles.com\/images\/mosavit\/mosavit_pandora_zen_100.jpg&#8221; el_class=&#8221;eheight&#8221;]<br \/>[vc_column_text]<strong><br \/>Pandora Zen 100<\/strong><br \/><a class=\"pdfcatal\" href=\"\/\/www.ceramictiles.com\/pdf\/catalogue_mosavit_desing.pdf\" onclick=\"recordOutboundLink(this, 'E-mail', 'Description PDF');return false;\"> PDF Zbirni katalog<\/a><\/a><br \/>Za najbolj\u0161o ponudbo nam po\u0161ljite natan\u010dno: barvo, velikost, koli\u010dino in naslov za dostavo.<br \/><a href=\"mailto:keramoteka.salon@gmail.com\" onclick=\"recordOutboundLink(this, 'E-mail', 'Description mail');return false;\">Po\u0161ta za zahtevo<\/a>[\/vc_column_text][vc_separator color=&#8221;black&#8221; border_width=&#8221;2&#8243;]<br \/>\n[\/vc_column][vc_column width=&#8221;1\/3&#8243;][vc_single_image source=&#8221;external_link&#8221; onclick=&#8221;link_image&#8221; custom_src=&#8221;https:\/\/www.ceramictiles.com\/images\/mosavit\/mosavit_pandora_zen_50.jpg&#8221; el_class=&#8221;eheight&#8221;]<br \/>[vc_column_text]<strong><br \/>Pandora Zen 50<\/strong><br \/><a class=\"pdfcatal\" href=\"\/\/www.ceramictiles.com\/pdf\/catalogue_mosavit_desing.pdf\" onclick=\"recordOutboundLink(this, 'E-mail', 'Description PDF');return false;\"> PDF Zbirni katalog<\/a><\/a><br \/>Za najbolj\u0161o ponudbo nam po\u0161ljite natan\u010dno: barvo, velikost, koli\u010dino in naslov za dostavo.<br \/><a href=\"mailto:keramoteka.salon@gmail.com\" onclick=\"recordOutboundLink(this, 'E-mail', 'Description mail');return false;\">Po\u0161ta za zahtevo<\/a>[\/vc_column_text][vc_separator color=&#8221;black&#8221; border_width=&#8221;2&#8243;]<br \/>\n[\/vc_column][vc_column width=&#8221;1\/3&#8243;][vc_single_image source=&#8221;external_link&#8221; onclick=&#8221;link_image&#8221; custom_src=&#8221;https:\/\/www.ceramictiles.com\/images\/mosavit\/mosavit_oriental_coffee.jpg&#8221; el_class=&#8221;eheight&#8221;]<br \/>[vc_column_text]<strong><br \/>Oriental Coffee<\/strong><br \/><a class=\"pdfcatal\" href=\"\/\/www.ceramictiles.com\/pdf\/catalogue_mosavit_desing.pdf\" onclick=\"recordOutboundLink(this, 'E-mail', 'Description PDF');return false;\"> PDF Zbirni katalog<\/a><\/a><br \/>Za najbolj\u0161o ponudbo nam po\u0161ljite natan\u010dno: barvo, velikost, koli\u010dino in naslov za dostavo.<br \/><a href=\"mailto:keramoteka.salon@gmail.com\" onclick=\"recordOutboundLink(this, 'E-mail', 'Description mail');return false;\">Po\u0161ta za zahtevo<\/a>[\/vc_column_text][vc_separator color=&#8221;black&#8221; border_width=&#8221;2&#8243;]<br \/>\n[\/vc_column][vc_column width=&#8221;1\/3&#8243;][vc_single_image source=&#8221;external_link&#8221; onclick=&#8221;link_image&#8221; custom_src=&#8221;https:\/\/www.ceramictiles.com\/images\/mosavit\/mosavit_oriental_grey.jpg&#8221; el_class=&#8221;eheight&#8221;]<br \/>[vc_column_text]<strong><br \/>Oriental Grey<\/strong><br \/><a class=\"pdfcatal\" href=\"\/\/www.ceramictiles.com\/pdf\/catalogue_mosavit_desing.pdf\" onclick=\"recordOutboundLink(this, 'E-mail', 'Description PDF');return false;\"> PDF Zbirni katalog<\/a><\/a><br \/>Za najbolj\u0161o ponudbo nam po\u0161ljite natan\u010dno: barvo, velikost, koli\u010dino in naslov za dostavo.<br \/><a href=\"mailto:keramoteka.salon@gmail.com\" onclick=\"recordOutboundLink(this, 'E-mail', 'Description mail');return false;\">Po\u0161ta za zahtevo<\/a>[\/vc_column_text][vc_separator color=&#8221;black&#8221; border_width=&#8221;2&#8243;]<br \/>\n[\/vc_column][vc_column width=&#8221;1\/3&#8243;][vc_single_image source=&#8221;external_link&#8221; onclick=&#8221;link_image&#8221; custom_src=&#8221;https:\/\/www.ceramictiles.com\/images\/mosavit\/mosavit_oriental_jacaranda.jpg&#8221; el_class=&#8221;eheight&#8221;]<br \/>[vc_column_text]<strong><br \/>Oriental Jacaranda<\/strong><br \/><a class=\"pdfcatal\" href=\"\/\/www.ceramictiles.com\/pdf\/catalogue_mosavit_desing.pdf\" onclick=\"recordOutboundLink(this, 'E-mail', 'Description PDF');return false;\"> PDF Zbirni katalog<\/a><\/a><br \/>Za najbolj\u0161o ponudbo nam po\u0161ljite natan\u010dno: barvo, velikost, koli\u010dino in naslov za dostavo.<br \/><a href=\"mailto:keramoteka.salon@gmail.com\" onclick=\"recordOutboundLink(this, 'E-mail', 'Description mail');return false;\">Po\u0161ta za zahtevo<\/a>[\/vc_column_text][vc_separator color=&#8221;black&#8221; border_width=&#8221;2&#8243;]<br \/>\n[\/vc_column][vc_column width=&#8221;1\/3&#8243;][vc_single_image source=&#8221;external_link&#8221; onclick=&#8221;link_image&#8221; custom_src=&#8221;https:\/\/www.ceramictiles.com\/images\/mosavit\/mosavit_oriental_sahe.jpg&#8221; el_class=&#8221;eheight&#8221;]<br \/>[vc_column_text]<strong><br \/>Oriental Sahe<\/strong><br \/><a class=\"pdfcatal\" href=\"\/\/www.ceramictiles.com\/pdf\/catalogue_mosavit_desing.pdf\" onclick=\"recordOutboundLink(this, 'E-mail', 'Description PDF');return false;\"> PDF Zbirni katalog<\/a><\/a><br \/>Za najbolj\u0161o ponudbo nam po\u0161ljite natan\u010dno: barvo, velikost, koli\u010dino in naslov za dostavo.<br \/><a href=\"mailto:keramoteka.salon@gmail.com\" onclick=\"recordOutboundLink(this, 'E-mail', 'Description mail');return false;\">Po\u0161ta za zahtevo<\/a>[\/vc_column_text][vc_separator color=&#8221;black&#8221; border_width=&#8221;2&#8243;]<br \/>\n[\/vc_column][vc_column width=&#8221;1\/3&#8243;][vc_single_image source=&#8221;external_link&#8221; onclick=&#8221;link_image&#8221; custom_src=&#8221;https:\/\/www.ceramictiles.com\/images\/mosavit\/mosavit_oriental_sandal.jpg&#8221; el_class=&#8221;eheight&#8221;]<br \/>[vc_column_text]<strong><br \/>Oriental Sandal<\/strong><br \/><a class=\"pdfcatal\" href=\"\/\/www.ceramictiles.com\/pdf\/catalogue_mosavit_desing.pdf\" onclick=\"recordOutboundLink(this, 'E-mail', 'Description PDF');return false;\"> PDF Zbirni katalog<\/a><\/a><br \/>Za najbolj\u0161o ponudbo nam po\u0161ljite natan\u010dno: barvo, velikost, koli\u010dino in naslov za dostavo.<br \/><a href=\"mailto:keramoteka.salon@gmail.com\" onclick=\"recordOutboundLink(this, 'E-mail', 'Description mail');return false;\">Po\u0161ta za zahtevo<\/a>[\/vc_column_text][vc_separator color=&#8221;black&#8221; border_width=&#8221;2&#8243;]<\/p>\n<p>[\/vc_column][\/vc_row]<\/p>\n","protected":false},"excerpt":{"rendered":"<p>Dekorativni 3D mozaik za steno 2,5 \u00d7 2,5 cm.<br \/>\nNajmanj\u0161e naro\u010dilo: 2 m2. Brezpla\u010dna dostava v EU.<\/p>\n","protected":false},"featured_media":111838,"template":"","meta":[],"product_cat":[999405,400,999,410],"product_tag":[99921971,99950091,99921989,99921990],"_links":{"self":[{"href":"https:\/\/www.keramika.com\/slovenija\/wp-json\/wp\/v2\/product\/101316"}],"collection":[{"href":"https:\/\/www.keramika.com\/slovenija\/wp-json\/wp\/v2\/product"}],"about":[{"href":"https:\/\/www.keramika.com\/slovenija\/wp-json\/wp\/v2\/types\/product"}],"wp:featuredmedia":[{"embeddable":true,"href":"https:\/\/www.keramika.com\/slovenija\/wp-json\/wp\/v2\/media\/111838"}],"wp:attachment":[{"href":"https:\/\/www.keramika.com\/slovenija\/wp-json\/wp\/v2\/media?parent=101316"}],"wp:term":[{"taxonomy":"product_cat","embeddable":true,"href":"https:\/\/www.keramika.com\/slovenija\/wp-json\/wp\/v2\/product_cat?post=101316"},{"taxonomy":"product_tag","embeddable":true,"href":"https:\/\/www.keramika.com\/slovenija\/wp-json\/wp\/v2\/product_tag?post=101316"}],"curies":[{"name":"wp","href":"https:\/\/api.w.org\/{rel}","templated":true}]}}