{"id":101314,"date":"2017-03-22T22:54:07","date_gmt":"2017-03-22T22:54:07","guid":{"rendered":"http:\/\/keramika.holest.com\/slovenija\/product\/mozaik-ploscice-mosavit-pandora-inox-100\/"},"modified":"2026-01-01T00:02:58","modified_gmt":"2026-01-01T00:02:58","slug":"mozaik-ploscice-mosavit-pandora-inox-100","status":"publish","type":"product","link":"https:\/\/www.keramika.com\/slovenija\/mozaik-ploscice-mosavit-pandora-inox-100\/","title":{"rendered":"Mozaik plo\u0161\u010dice Mosavit Pandora Inox 100"},"content":{"rendered":"<p>Letos so mozaiki v srebrni barvi zelo za\u017eeljeni. 5 mm debeline je dovolj tudi za zahtevnej\u0161e kupce. Mosaic Pandora Inox 100 je na voljo po zelo ugodni ceni 165 EUR. Mozaik dobite pripet na mre\u017eo, kar olaj\u0161a njegovo polaganje. Velikost mre\u017ee je 31,6&#215;31,6 cm in je primerna za razli\u010dne povr\u0161ine. Prihaja iz \u0160panije, ki po svetu slovi kot ena bolj\u0161ih proizvajalk kerami\u010dnih plo\u0161\u010dic.<\/p>\n<p>Technical description: <\/p>\n<p>Min. 1 box &#8211; Delivery 30 Euro\/box in EU<\/p>\n","protected":false},"excerpt":{"rendered":"<p>Letos so mozaiki v srebrni barvi zelo za\u017eeljeni. 5 mm debeline je dovolj tudi za zahtevnej\u0161e kupce. Mosaic Pandora Inox 100 je na voljo po zelo ugodni ceni 165 EUR. Mozaik dobite pripet na mre\u017eo, kar olaj\u0161a njegovo polaganje. Velikost mre\u017ee je 31,6&#215;31,6 cm in je primerna za razli\u010dne povr\u0161ine. Prihaja iz \u0160panije, ki po [&hellip;]<\/p>\n","protected":false},"featured_media":101315,"template":"","meta":[],"product_cat":[999405,400,999,410],"product_tag":[],"_links":{"self":[{"href":"https:\/\/www.keramika.com\/slovenija\/wp-json\/wp\/v2\/product\/101314"}],"collection":[{"href":"https:\/\/www.keramika.com\/slovenija\/wp-json\/wp\/v2\/product"}],"about":[{"href":"https:\/\/www.keramika.com\/slovenija\/wp-json\/wp\/v2\/types\/product"}],"wp:featuredmedia":[{"embeddable":true,"href":"https:\/\/www.keramika.com\/slovenija\/wp-json\/wp\/v2\/media\/101315"}],"wp:attachment":[{"href":"https:\/\/www.keramika.com\/slovenija\/wp-json\/wp\/v2\/media?parent=101314"}],"wp:term":[{"taxonomy":"product_cat","embeddable":true,"href":"https:\/\/www.keramika.com\/slovenija\/wp-json\/wp\/v2\/product_cat?post=101314"},{"taxonomy":"product_tag","embeddable":true,"href":"https:\/\/www.keramika.com\/slovenija\/wp-json\/wp\/v2\/product_tag?post=101314"}],"curies":[{"name":"wp","href":"https:\/\/api.w.org\/{rel}","templated":true}]}}