{"id":101312,"date":"2017-03-22T22:54:04","date_gmt":"2017-03-22T22:54:04","guid":{"rendered":"http:\/\/keramika.holest.com\/slovenija\/product\/mozaik-ploscice-mosavit-pandora-silver-100\/"},"modified":"2026-01-01T00:02:58","modified_gmt":"2026-01-01T00:02:58","slug":"mozaik-ploscice-mosavit-pandora-silver-100","status":"publish","type":"product","link":"https:\/\/www.keramika.com\/slovenija\/mozaik-ploscice-mosavit-pandora-silver-100\/","title":{"rendered":"Mozaik plo\u0161\u010dice Mosavit Pandora Silver 100"},"content":{"rendered":"<p>Ta mozaik je izdelal proizvajalec Mosavit, ki prihaja iz \u0160panije. 5 mm je debelina, ki zadovolji tudi zahtevnej\u0161e kupce. 120,31 EUR v klasi\u010dni trgovini, pri nas pa le 96,25 EUR. Pri izbiri mozaika v glavni srebrni barvi ne morete zgre\u0161iti. Velikost mre\u017ee z mozaikom je 31,6&#215;31,6 cm, kar omogo\u010da enostavno polaganje.<\/p>\n<p>Technical description: <\/p>\n<p>Min. 1 box &#8211; Delivery 30 Euro\/box in EU<\/p>\n","protected":false},"excerpt":{"rendered":"<p>Ta mozaik je izdelal proizvajalec Mosavit, ki prihaja iz \u0160panije. 5 mm je debelina, ki zadovolji tudi zahtevnej\u0161e kupce. 120,31 EUR v klasi\u010dni trgovini, pri nas pa le 96,25 EUR. Pri izbiri mozaika v glavni srebrni barvi ne morete zgre\u0161iti. Velikost mre\u017ee z mozaikom je 31,6&#215;31,6 cm, kar omogo\u010da enostavno polaganje. Technical description: Min. 1 [&hellip;]<\/p>\n","protected":false},"featured_media":101313,"template":"","meta":[],"product_cat":[999405,400,999,410],"product_tag":[],"_links":{"self":[{"href":"https:\/\/www.keramika.com\/slovenija\/wp-json\/wp\/v2\/product\/101312"}],"collection":[{"href":"https:\/\/www.keramika.com\/slovenija\/wp-json\/wp\/v2\/product"}],"about":[{"href":"https:\/\/www.keramika.com\/slovenija\/wp-json\/wp\/v2\/types\/product"}],"wp:featuredmedia":[{"embeddable":true,"href":"https:\/\/www.keramika.com\/slovenija\/wp-json\/wp\/v2\/media\/101313"}],"wp:attachment":[{"href":"https:\/\/www.keramika.com\/slovenija\/wp-json\/wp\/v2\/media?parent=101312"}],"wp:term":[{"taxonomy":"product_cat","embeddable":true,"href":"https:\/\/www.keramika.com\/slovenija\/wp-json\/wp\/v2\/product_cat?post=101312"},{"taxonomy":"product_tag","embeddable":true,"href":"https:\/\/www.keramika.com\/slovenija\/wp-json\/wp\/v2\/product_tag?post=101312"}],"curies":[{"name":"wp","href":"https:\/\/api.w.org\/{rel}","templated":true}]}}