{"id":101308,"date":"2017-03-22T22:53:58","date_gmt":"2017-03-22T22:53:58","guid":{"rendered":"http:\/\/keramika.holest.com\/slovenija\/product\/mozaik-ploscice-mosavit-pandora-zen-100\/"},"modified":"2026-01-01T00:02:57","modified_gmt":"2026-01-01T00:02:57","slug":"mozaik-ploscice-mosavit-pandora-zen-100","status":"publish","type":"product","link":"https:\/\/www.keramika.com\/slovenija\/mozaik-ploscice-mosavit-pandora-zen-100\/","title":{"rendered":"Mozaik plo\u0161\u010dice Mosavit Pandora Zen 100"},"content":{"rendered":"<p>Mosaic Pandora Zen 100 je pripeljana iz \u0160panije in je zelo kvalitetna. Redna cena tega mozaika v maloprodaji zna\u0161a 181,25 EUR, v na\u0161i spletni trgovini pa ga lahko dobite \u017ee za 145 EUR. Zelo moderen mozaik v dominanti vijoli\u010dni barvi popestri prav vsak prostor. Debelina kar 5 mm dela ta mozaik zelo trpe\u017een in presti\u017een na otip. Velikost mre\u017ee z mozaikom je 31,6&#215;31,6 cm, kar omogo\u010da enostavno polaganje.<\/p>\n<p>Technical description: <\/p>\n<p>Min. 1 box &#8211; Delivery 30 Euro\/box in EU<\/p>\n","protected":false},"excerpt":{"rendered":"<p>Mosaic Pandora Zen 100 je pripeljana iz \u0160panije in je zelo kvalitetna. Redna cena tega mozaika v maloprodaji zna\u0161a 181,25 EUR, v na\u0161i spletni trgovini pa ga lahko dobite \u017ee za 145 EUR. Zelo moderen mozaik v dominanti vijoli\u010dni barvi popestri prav vsak prostor. Debelina kar 5 mm dela ta mozaik zelo trpe\u017een in presti\u017een [&hellip;]<\/p>\n","protected":false},"featured_media":101309,"template":"","meta":[],"product_cat":[999405,400,999,410],"product_tag":[],"_links":{"self":[{"href":"https:\/\/www.keramika.com\/slovenija\/wp-json\/wp\/v2\/product\/101308"}],"collection":[{"href":"https:\/\/www.keramika.com\/slovenija\/wp-json\/wp\/v2\/product"}],"about":[{"href":"https:\/\/www.keramika.com\/slovenija\/wp-json\/wp\/v2\/types\/product"}],"wp:featuredmedia":[{"embeddable":true,"href":"https:\/\/www.keramika.com\/slovenija\/wp-json\/wp\/v2\/media\/101309"}],"wp:attachment":[{"href":"https:\/\/www.keramika.com\/slovenija\/wp-json\/wp\/v2\/media?parent=101308"}],"wp:term":[{"taxonomy":"product_cat","embeddable":true,"href":"https:\/\/www.keramika.com\/slovenija\/wp-json\/wp\/v2\/product_cat?post=101308"},{"taxonomy":"product_tag","embeddable":true,"href":"https:\/\/www.keramika.com\/slovenija\/wp-json\/wp\/v2\/product_tag?post=101308"}],"curies":[{"name":"wp","href":"https:\/\/api.w.org\/{rel}","templated":true}]}}