{"id":101304,"date":"2017-03-22T22:53:53","date_gmt":"2017-03-22T22:53:53","guid":{"rendered":"http:\/\/keramika.holest.com\/slovenija\/product\/mozaik-ploscice-mosavit-moondance-toupe\/"},"modified":"2026-01-01T00:02:57","modified_gmt":"2026-01-01T00:02:57","slug":"mozaik-ploscice-mosavit-moondance-toupe","status":"publish","type":"product","link":"https:\/\/www.keramika.com\/slovenija\/mozaik-ploscice-mosavit-moondance-toupe\/","title":{"rendered":"Mozaik plo\u0161\u010dice Mosavit Moondance Toupe"},"content":{"rendered":"<p>Velikost mre\u017ee z mozaikom je 31,6&#215;31,6 cm, kar omogo\u010da enostavno polaganje. Ta mozaik je izdelal proizvajalec Mosavit, ki prihaja iz \u0160panije. Ta mozaik plo\u0161\u010dica v \u010dudoviti rjavi barvi bo obogatila vsak prostor. 5 mm debeline je dovolj tudi za zahtevnej\u0161e kupce. Na spletu boste za ta mozaik od\u0161teli le 122,5 EUR, medtem ko v redni prodaji cena zna\u0161a 153,12 EUR.<\/p>\n<p>Technical description: <\/p>\n<p>Min. 1 box &#8211; Delivery 30 Euro\/box in EU<\/p>\n","protected":false},"excerpt":{"rendered":"<p>Velikost mre\u017ee z mozaikom je 31,6&#215;31,6 cm, kar omogo\u010da enostavno polaganje. Ta mozaik je izdelal proizvajalec Mosavit, ki prihaja iz \u0160panije. Ta mozaik plo\u0161\u010dica v \u010dudoviti rjavi barvi bo obogatila vsak prostor. 5 mm debeline je dovolj tudi za zahtevnej\u0161e kupce. Na spletu boste za ta mozaik od\u0161teli le 122,5 EUR, medtem ko v redni [&hellip;]<\/p>\n","protected":false},"featured_media":101305,"template":"","meta":[],"product_cat":[999405,400,999,410],"product_tag":[],"_links":{"self":[{"href":"https:\/\/www.keramika.com\/slovenija\/wp-json\/wp\/v2\/product\/101304"}],"collection":[{"href":"https:\/\/www.keramika.com\/slovenija\/wp-json\/wp\/v2\/product"}],"about":[{"href":"https:\/\/www.keramika.com\/slovenija\/wp-json\/wp\/v2\/types\/product"}],"wp:featuredmedia":[{"embeddable":true,"href":"https:\/\/www.keramika.com\/slovenija\/wp-json\/wp\/v2\/media\/101305"}],"wp:attachment":[{"href":"https:\/\/www.keramika.com\/slovenija\/wp-json\/wp\/v2\/media?parent=101304"}],"wp:term":[{"taxonomy":"product_cat","embeddable":true,"href":"https:\/\/www.keramika.com\/slovenija\/wp-json\/wp\/v2\/product_cat?post=101304"},{"taxonomy":"product_tag","embeddable":true,"href":"https:\/\/www.keramika.com\/slovenija\/wp-json\/wp\/v2\/product_tag?post=101304"}],"curies":[{"name":"wp","href":"https:\/\/api.w.org\/{rel}","templated":true}]}}