{"id":101302,"date":"2017-03-22T22:53:50","date_gmt":"2017-03-22T22:53:50","guid":{"rendered":"http:\/\/keramika.holest.com\/slovenija\/product\/mozaik-ploscice-mosavit-moondance-malva\/"},"modified":"2026-01-01T00:02:56","modified_gmt":"2026-01-01T00:02:56","slug":"mozaik-ploscice-mosavit-moondance-malva","status":"publish","type":"product","link":"https:\/\/www.keramika.com\/slovenija\/mozaik-ploscice-mosavit-moondance-malva\/","title":{"rendered":"Mozaik plo\u0161\u010dice Mosavit Moondance Malva"},"content":{"rendered":"<p>\u0160irina in dol\u017eina mre\u017ee na katero je pripet ta mozaik sta 31,6&#215;31,6 cm. Mre\u017eo lahko enostavno polo\u017eite na razli\u010dne povr\u0161ine. 5 mm je debelina, ki zadovolji tudi zahtevnej\u0161e kupce. Zaradi ni\u017ejih stro\u0161kov pri spletni prodaji boste na na\u0161i strani za ta mozaik od\u0161teli le 122,5 EUR. Mosaic Moondance Malva je plo\u0161\u010dica proizvajalca Mosavit in prihaja iz \u0160panije. Pri izbiri mozaika v glavni vijoli\u010dni barvi ne morete zgre\u0161iti.<\/p>\n<p>Technical description: <\/p>\n<p>Min. 1 box &#8211; Delivery 30 Euro\/box in EU<\/p>\n","protected":false},"excerpt":{"rendered":"<p>\u0160irina in dol\u017eina mre\u017ee na katero je pripet ta mozaik sta 31,6&#215;31,6 cm. Mre\u017eo lahko enostavno polo\u017eite na razli\u010dne povr\u0161ine. 5 mm je debelina, ki zadovolji tudi zahtevnej\u0161e kupce. Zaradi ni\u017ejih stro\u0161kov pri spletni prodaji boste na na\u0161i strani za ta mozaik od\u0161teli le 122,5 EUR. Mosaic Moondance Malva je plo\u0161\u010dica proizvajalca Mosavit in prihaja [&hellip;]<\/p>\n","protected":false},"featured_media":101303,"template":"","meta":[],"product_cat":[999405,400,999,410],"product_tag":[],"_links":{"self":[{"href":"https:\/\/www.keramika.com\/slovenija\/wp-json\/wp\/v2\/product\/101302"}],"collection":[{"href":"https:\/\/www.keramika.com\/slovenija\/wp-json\/wp\/v2\/product"}],"about":[{"href":"https:\/\/www.keramika.com\/slovenija\/wp-json\/wp\/v2\/types\/product"}],"wp:featuredmedia":[{"embeddable":true,"href":"https:\/\/www.keramika.com\/slovenija\/wp-json\/wp\/v2\/media\/101303"}],"wp:attachment":[{"href":"https:\/\/www.keramika.com\/slovenija\/wp-json\/wp\/v2\/media?parent=101302"}],"wp:term":[{"taxonomy":"product_cat","embeddable":true,"href":"https:\/\/www.keramika.com\/slovenija\/wp-json\/wp\/v2\/product_cat?post=101302"},{"taxonomy":"product_tag","embeddable":true,"href":"https:\/\/www.keramika.com\/slovenija\/wp-json\/wp\/v2\/product_tag?post=101302"}],"curies":[{"name":"wp","href":"https:\/\/api.w.org\/{rel}","templated":true}]}}