{"id":101298,"date":"2017-03-22T22:53:46","date_gmt":"2017-03-22T22:53:46","guid":{"rendered":"http:\/\/keramika.holest.com\/slovenija\/product\/mozaik-ploscice-za-kopalnico-oriental-sah\/"},"modified":"2026-01-01T00:02:56","modified_gmt":"2026-01-01T00:02:56","slug":"mozaik-ploscice-za-kopalnico-oriental-sah","status":"publish","type":"product","link":"https:\/\/www.keramika.com\/slovenija\/mozaik-ploscice-za-kopalnico-oriental-sah\/","title":{"rendered":"Mozaik plo\u0161\u010dice za kopalnico Oriental Sah"},"content":{"rendered":"<p>Ta model mozaik plo\u0161\u010dic se najbolje prodaja v sivi barvi. 153,12 EUR v klasi\u010dni trgovini, pri nas pa le 122,5 EUR. Mosaic Oriental Sah prihaja iz \u0160panije, ki je znana po zelo kvalitetni keramiki v svetovnem merilu. Debelina plo\u0161\u010dice je zelo pomembna in 5 mm uvr\u0161\u010da ta mozaik med najkvalitetnej\u0161e. Z velikostjo mre\u017ee 31,6&#215;31,6 cm na katero je pripet, je ta mozaik primeren ze razli\u010dne povr\u0161ine.<\/p>\n<p>Technical description: <\/p>\n<p>Min. 1 box &#8211; Delivery 30 Euro\/box in EU<\/p>\n","protected":false},"excerpt":{"rendered":"<p>Ta model mozaik plo\u0161\u010dic se najbolje prodaja v sivi barvi. 153,12 EUR v klasi\u010dni trgovini, pri nas pa le 122,5 EUR. Mosaic Oriental Sah prihaja iz \u0160panije, ki je znana po zelo kvalitetni keramiki v svetovnem merilu. Debelina plo\u0161\u010dice je zelo pomembna in 5 mm uvr\u0161\u010da ta mozaik med najkvalitetnej\u0161e. Z velikostjo mre\u017ee 31,6&#215;31,6 cm [&hellip;]<\/p>\n","protected":false},"featured_media":101299,"template":"","meta":[],"product_cat":[999405,400,999,410],"product_tag":[],"_links":{"self":[{"href":"https:\/\/www.keramika.com\/slovenija\/wp-json\/wp\/v2\/product\/101298"}],"collection":[{"href":"https:\/\/www.keramika.com\/slovenija\/wp-json\/wp\/v2\/product"}],"about":[{"href":"https:\/\/www.keramika.com\/slovenija\/wp-json\/wp\/v2\/types\/product"}],"wp:featuredmedia":[{"embeddable":true,"href":"https:\/\/www.keramika.com\/slovenija\/wp-json\/wp\/v2\/media\/101299"}],"wp:attachment":[{"href":"https:\/\/www.keramika.com\/slovenija\/wp-json\/wp\/v2\/media?parent=101298"}],"wp:term":[{"taxonomy":"product_cat","embeddable":true,"href":"https:\/\/www.keramika.com\/slovenija\/wp-json\/wp\/v2\/product_cat?post=101298"},{"taxonomy":"product_tag","embeddable":true,"href":"https:\/\/www.keramika.com\/slovenija\/wp-json\/wp\/v2\/product_tag?post=101298"}],"curies":[{"name":"wp","href":"https:\/\/api.w.org\/{rel}","templated":true}]}}