{"id":101286,"date":"2017-03-22T22:53:29","date_gmt":"2017-03-22T22:53:29","guid":{"rendered":"http:\/\/keramika.holest.com\/slovenija\/product\/mozaik-ploscice-mosavit-rock-platino\/"},"modified":"2026-01-01T00:02:54","modified_gmt":"2026-01-01T00:02:54","slug":"mozaik-ploscice-mosavit-rock-platino","status":"publish","type":"product","link":"https:\/\/www.keramika.com\/slovenija\/mozaik-ploscice-mosavit-rock-platino\/","title":{"rendered":"Mozaik plo\u0161\u010dice Mosavit Rock Platino"},"content":{"rendered":"<p>Pri izbiri mozaika v glavni srebrni barvi ne morete zgre\u0161iti. Na spletu boste za ta mozaik od\u0161teli le 115 EUR, medtem ko v redni prodaji cena zna\u0161a 143,75 EUR. Mozaik je debel kar 5 mm, kar ga uvr\u0161\u010da med bolj trde mozaik plo\u0161\u010dice. Mosaic Rock Platino je plo\u0161\u010dica proizvajalca Mosavit in prihaja iz \u0160panije. Z velikostjo mre\u017ee 31,6&#215;31,6 cm na katero je pripet, je ta mozaik primeren ze razli\u010dne povr\u0161ine.<\/p>\n<p>Technical description: <\/p>\n<p>Min. 1 box &#8211; Delivery 30 Euro\/box in EU<\/p>\n","protected":false},"excerpt":{"rendered":"<p>Pri izbiri mozaika v glavni srebrni barvi ne morete zgre\u0161iti. Na spletu boste za ta mozaik od\u0161teli le 115 EUR, medtem ko v redni prodaji cena zna\u0161a 143,75 EUR. Mozaik je debel kar 5 mm, kar ga uvr\u0161\u010da med bolj trde mozaik plo\u0161\u010dice. Mosaic Rock Platino je plo\u0161\u010dica proizvajalca Mosavit in prihaja iz \u0160panije. Z [&hellip;]<\/p>\n","protected":false},"featured_media":101287,"template":"","meta":[],"product_cat":[999405,400,999,410],"product_tag":[],"_links":{"self":[{"href":"https:\/\/www.keramika.com\/slovenija\/wp-json\/wp\/v2\/product\/101286"}],"collection":[{"href":"https:\/\/www.keramika.com\/slovenija\/wp-json\/wp\/v2\/product"}],"about":[{"href":"https:\/\/www.keramika.com\/slovenija\/wp-json\/wp\/v2\/types\/product"}],"wp:featuredmedia":[{"embeddable":true,"href":"https:\/\/www.keramika.com\/slovenija\/wp-json\/wp\/v2\/media\/101287"}],"wp:attachment":[{"href":"https:\/\/www.keramika.com\/slovenija\/wp-json\/wp\/v2\/media?parent=101286"}],"wp:term":[{"taxonomy":"product_cat","embeddable":true,"href":"https:\/\/www.keramika.com\/slovenija\/wp-json\/wp\/v2\/product_cat?post=101286"},{"taxonomy":"product_tag","embeddable":true,"href":"https:\/\/www.keramika.com\/slovenija\/wp-json\/wp\/v2\/product_tag?post=101286"}],"curies":[{"name":"wp","href":"https:\/\/api.w.org\/{rel}","templated":true}]}}