{"id":101254,"date":"2017-03-22T22:52:51","date_gmt":"2017-03-22T22:52:51","guid":{"rendered":"http:\/\/keramika.holest.com\/slovenija\/product\/mozaik-ploscice-za-stene-degradado-verde\/"},"modified":"2026-01-01T00:02:50","modified_gmt":"2026-01-01T00:02:50","slug":"mozaik-ploscice-za-stene-degradado-verde","status":"publish","type":"product","link":"https:\/\/www.keramika.com\/slovenija\/mozaik-ploscice-za-stene-degradado-verde\/","title":{"rendered":"Mozaik plo\u0161\u010dice za stene Degradado Verde"},"content":{"rendered":"<p>5 mm debeline je dovolj tudi za zahtevnej\u0161e kupce. Mosaic Degradado Verde je plo\u0161\u010dica proizvajalca Mosavit in prihaja iz \u0160panije. Na spletu boste za ta mozaik od\u0161teli le 64,5 EUR, medtem ko v redni prodaji cena zna\u0161a 80,62 EUR. Velikost mre\u017ee z mozaikom je 31,6&#215;31,6 cm, kar omogo\u010da enostavno polaganje. Ta mozaik je na voljo v \u010dudoviti beli prevladujo\u010di barvi, \u010de \u017eelite kak\u0161no drugo barvo pa nas kontaktirajte in preverili bomo pri proizvajalcu.<\/p>\n<p>Technical description: <\/p>\n<p>Min. 1 box &#8211; Delivery 30 Euro\/box in EU<\/p>\n","protected":false},"excerpt":{"rendered":"<p>5 mm debeline je dovolj tudi za zahtevnej\u0161e kupce. Mosaic Degradado Verde je plo\u0161\u010dica proizvajalca Mosavit in prihaja iz \u0160panije. Na spletu boste za ta mozaik od\u0161teli le 64,5 EUR, medtem ko v redni prodaji cena zna\u0161a 80,62 EUR. Velikost mre\u017ee z mozaikom je 31,6&#215;31,6 cm, kar omogo\u010da enostavno polaganje. Ta mozaik je na voljo [&hellip;]<\/p>\n","protected":false},"featured_media":101255,"template":"","meta":[],"product_cat":[999405,400,999,410],"product_tag":[],"_links":{"self":[{"href":"https:\/\/www.keramika.com\/slovenija\/wp-json\/wp\/v2\/product\/101254"}],"collection":[{"href":"https:\/\/www.keramika.com\/slovenija\/wp-json\/wp\/v2\/product"}],"about":[{"href":"https:\/\/www.keramika.com\/slovenija\/wp-json\/wp\/v2\/types\/product"}],"wp:featuredmedia":[{"embeddable":true,"href":"https:\/\/www.keramika.com\/slovenija\/wp-json\/wp\/v2\/media\/101255"}],"wp:attachment":[{"href":"https:\/\/www.keramika.com\/slovenija\/wp-json\/wp\/v2\/media?parent=101254"}],"wp:term":[{"taxonomy":"product_cat","embeddable":true,"href":"https:\/\/www.keramika.com\/slovenija\/wp-json\/wp\/v2\/product_cat?post=101254"},{"taxonomy":"product_tag","embeddable":true,"href":"https:\/\/www.keramika.com\/slovenija\/wp-json\/wp\/v2\/product_tag?post=101254"}],"curies":[{"name":"wp","href":"https:\/\/api.w.org\/{rel}","templated":true}]}}