{"id":101234,"date":"2017-03-22T22:52:21","date_gmt":"2017-03-22T22:52:21","guid":{"rendered":"http:\/\/keramika.holest.com\/slovenija\/product\/mozaik-ploscice-za-kopalnico-combi-3-a\/"},"modified":"2026-01-01T00:02:48","modified_gmt":"2026-01-01T00:02:48","slug":"mozaik-ploscice-za-kopalnico-combi-3-a","status":"publish","type":"product","link":"https:\/\/www.keramika.com\/slovenija\/mozaik-ploscice-za-kopalnico-combi-3-a\/","title":{"rendered":"Mozaik plo\u0161\u010dice za kopalnico Combi 3-A"},"content":{"rendered":"<p>49,84 EUR v klasi\u010dni trgovini, pri nas pa le 39,88 EUR. Ta model mozaik plo\u0161\u010dic se najbolje prodaja v beli barvi. Z 31,6&#215;31,6 cm je mre\u017ea na katero so pripete te mozaik plo\u0161\u010dice primerna za razli\u010dne podlage. Debelina kar 5 mm dela ta mozaik zelo trpe\u017een in presti\u017een na otip. Ta mozaik plo\u0161\u010dica prihaja iz \u0160panije, ki je znana po kvalitetni keramiki.<\/p>\n<p>Technical description: <\/p>\n<p>Min. 1 box &#8211; Delivery 30 Euro\/box in EU<\/p>\n","protected":false},"excerpt":{"rendered":"<p>49,84 EUR v klasi\u010dni trgovini, pri nas pa le 39,88 EUR. Ta model mozaik plo\u0161\u010dic se najbolje prodaja v beli barvi. Z 31,6&#215;31,6 cm je mre\u017ea na katero so pripete te mozaik plo\u0161\u010dice primerna za razli\u010dne podlage. Debelina kar 5 mm dela ta mozaik zelo trpe\u017een in presti\u017een na otip. Ta mozaik plo\u0161\u010dica prihaja iz [&hellip;]<\/p>\n","protected":false},"featured_media":101235,"template":"","meta":[],"product_cat":[999405,400,999,410],"product_tag":[],"_links":{"self":[{"href":"https:\/\/www.keramika.com\/slovenija\/wp-json\/wp\/v2\/product\/101234"}],"collection":[{"href":"https:\/\/www.keramika.com\/slovenija\/wp-json\/wp\/v2\/product"}],"about":[{"href":"https:\/\/www.keramika.com\/slovenija\/wp-json\/wp\/v2\/types\/product"}],"wp:featuredmedia":[{"embeddable":true,"href":"https:\/\/www.keramika.com\/slovenija\/wp-json\/wp\/v2\/media\/101235"}],"wp:attachment":[{"href":"https:\/\/www.keramika.com\/slovenija\/wp-json\/wp\/v2\/media?parent=101234"}],"wp:term":[{"taxonomy":"product_cat","embeddable":true,"href":"https:\/\/www.keramika.com\/slovenija\/wp-json\/wp\/v2\/product_cat?post=101234"},{"taxonomy":"product_tag","embeddable":true,"href":"https:\/\/www.keramika.com\/slovenija\/wp-json\/wp\/v2\/product_tag?post=101234"}],"curies":[{"name":"wp","href":"https:\/\/api.w.org\/{rel}","templated":true}]}}