{"id":101224,"date":"2017-03-22T22:52:06","date_gmt":"2017-03-22T22:52:06","guid":{"rendered":"http:\/\/keramika.holest.com\/slovenija\/product\/mozaik-ploscice-za-kopalnico-mc-802-toupe\/"},"modified":"2026-01-01T00:02:47","modified_gmt":"2026-01-01T00:02:47","slug":"mozaik-ploscice-za-kopalnico-mc-802-toupe","status":"publish","type":"product","link":"https:\/\/www.keramika.com\/slovenija\/mozaik-ploscice-za-kopalnico-mc-802-toupe\/","title":{"rendered":"Mozaik plo\u0161\u010dice za kopalnico MC 802 Toupe"},"content":{"rendered":"<p>Z velikostjo mre\u017ee 31,6&#215;31,6 cm na katero je pripet, je ta mozaik primeren ze razli\u010dne povr\u0161ine. Na spletu boste za ta mozaik od\u0161teli le 32,88 EUR, medtem ko v redni prodaji cena zna\u0161a 41,09 EUR. Mosaic MC 802 Toupe prihaja iz \u0160panije, ki je znana po zelo kvalitetni keramiki v svetovnem merilu. Letos so mozaiki v rjavi barvi zelo za\u017eeljeni. Ta mozaik je debel 5 mm in je zelo trpe\u017een.<\/p>\n<p>Technical description: <\/p>\n<p>Min. 1 box &#8211; Delivery 30 Euro\/box in EU<\/p>\n","protected":false},"excerpt":{"rendered":"<p>Z velikostjo mre\u017ee 31,6&#215;31,6 cm na katero je pripet, je ta mozaik primeren ze razli\u010dne povr\u0161ine. Na spletu boste za ta mozaik od\u0161teli le 32,88 EUR, medtem ko v redni prodaji cena zna\u0161a 41,09 EUR. Mosaic MC 802 Toupe prihaja iz \u0160panije, ki je znana po zelo kvalitetni keramiki v svetovnem merilu. Letos so mozaiki [&hellip;]<\/p>\n","protected":false},"featured_media":101225,"template":"","meta":[],"product_cat":[999405,400,999,410],"product_tag":[],"_links":{"self":[{"href":"https:\/\/www.keramika.com\/slovenija\/wp-json\/wp\/v2\/product\/101224"}],"collection":[{"href":"https:\/\/www.keramika.com\/slovenija\/wp-json\/wp\/v2\/product"}],"about":[{"href":"https:\/\/www.keramika.com\/slovenija\/wp-json\/wp\/v2\/types\/product"}],"wp:featuredmedia":[{"embeddable":true,"href":"https:\/\/www.keramika.com\/slovenija\/wp-json\/wp\/v2\/media\/101225"}],"wp:attachment":[{"href":"https:\/\/www.keramika.com\/slovenija\/wp-json\/wp\/v2\/media?parent=101224"}],"wp:term":[{"taxonomy":"product_cat","embeddable":true,"href":"https:\/\/www.keramika.com\/slovenija\/wp-json\/wp\/v2\/product_cat?post=101224"},{"taxonomy":"product_tag","embeddable":true,"href":"https:\/\/www.keramika.com\/slovenija\/wp-json\/wp\/v2\/product_tag?post=101224"}],"curies":[{"name":"wp","href":"https:\/\/api.w.org\/{rel}","templated":true}]}}