{"id":101208,"date":"2017-03-22T22:51:45","date_gmt":"2017-03-22T22:51:45","guid":{"rendered":"http:\/\/keramika.holest.com\/slovenija\/product\/rocersa-tracia-beige\/"},"modified":"2026-01-01T00:02:45","modified_gmt":"2026-01-01T00:02:45","slug":"rocersa-tracia-beige","status":"publish","type":"product","link":"https:\/\/www.keramika.com\/slovenija\/rocersa-tracia-beige\/","title":{"rendered":"Rocersa Tracia Beige"},"content":{"rendered":"<p>Z velikostjo 31.6&#215;59.34 cm je ta plo\u0161\u010dica primerna ze razli\u010dne povr\u0161ine. Plo\u0161\u010dica je debela kar 9 mm, kar jo uvr\u0161\u010da med bolj trde plo\u0161\u010dice. Keramika v be\u017e barvi popestri vsak prostor. Rocersa Tracia Beige je pripeljana iz \u0160panije in je zelo kvalitetna. Namesto 23.38 EUR kot bi za to plo\u0161\u010dico od\u0161teli v klasi\u010dni trgovini, boste v na\u0161i spletni prodajalni od\u0161teli le 18.7 EUR.<\/p>\n<p>Kliknite na ime kolekcije za ogled vseh plo\u0161\u010dic iz te serije: <a class=\"pdfcatal\" href=\"\/\/www.ceramictiles.com\/pdf\/rocersa\/catalogue_rocersa_tracia.pdf\" onclick=\"recordOutboundLink(this, 'E-mail', 'Description PDF');return false;\">Rocersa Ceramica Tracia<\/a><\/p>\n<p>\u010ce \u017eelite naro\u010diti model iz pdf kataloga te kolekcije, nam pi\u0161ite na: <a href=\"mailto:keramoteka.salon@gmail.com\" onclick=\"recordOutboundLink(this, 'E-mail', 'Description mail');return false;\">keramoteka.salon@gmail.com<\/a> ali pa nas pokli\u010dite na: 031 255 900.<\/p>\n","protected":false},"excerpt":{"rendered":"<p>Z velikostjo 31.6&#215;59.34 cm je ta plo\u0161\u010dica primerna ze razli\u010dne povr\u0161ine. Plo\u0161\u010dica je debela kar 9 mm, kar jo uvr\u0161\u010da med bolj trde plo\u0161\u010dice. Keramika v be\u017e barvi popestri vsak prostor. Rocersa Tracia Beige je pripeljana iz \u0160panije in je zelo kvalitetna. Namesto 23.38 EUR kot bi za to plo\u0161\u010dico od\u0161teli v klasi\u010dni trgovini, boste [&hellip;]<\/p>\n","protected":false},"featured_media":101209,"template":"","meta":[],"product_cat":[200,999,99921437,250],"product_tag":[],"_links":{"self":[{"href":"https:\/\/www.keramika.com\/slovenija\/wp-json\/wp\/v2\/product\/101208"}],"collection":[{"href":"https:\/\/www.keramika.com\/slovenija\/wp-json\/wp\/v2\/product"}],"about":[{"href":"https:\/\/www.keramika.com\/slovenija\/wp-json\/wp\/v2\/types\/product"}],"wp:featuredmedia":[{"embeddable":true,"href":"https:\/\/www.keramika.com\/slovenija\/wp-json\/wp\/v2\/media\/101209"}],"wp:attachment":[{"href":"https:\/\/www.keramika.com\/slovenija\/wp-json\/wp\/v2\/media?parent=101208"}],"wp:term":[{"taxonomy":"product_cat","embeddable":true,"href":"https:\/\/www.keramika.com\/slovenija\/wp-json\/wp\/v2\/product_cat?post=101208"},{"taxonomy":"product_tag","embeddable":true,"href":"https:\/\/www.keramika.com\/slovenija\/wp-json\/wp\/v2\/product_tag?post=101208"}],"curies":[{"name":"wp","href":"https:\/\/api.w.org\/{rel}","templated":true}]}}