{"id":101204,"date":"2017-03-22T22:51:41","date_gmt":"2017-03-22T22:51:41","guid":{"rendered":"http:\/\/keramika.holest.com\/slovenija\/product\/rocersa-togo-negro\/"},"modified":"2026-01-01T00:02:44","modified_gmt":"2026-01-01T00:02:44","slug":"rocersa-togo-negro","status":"publish","type":"product","link":"https:\/\/www.keramika.com\/slovenija\/rocersa-togo-negro\/","title":{"rendered":"Rocersa Togo Negro"},"content":{"rendered":"<p>Rocersa Togo Negro prihaja iz \u0160panije, ki je znana po zelo kvalitetni keramiki v svetovnem merilu. Rocersa Togo Negro je na voljo po zelo ugodni ceni 19.88 EUR. Ta plo\u0161\u010dica je debela 9 mm in je zelo trpe\u017ena. Velikost te plo\u0161\u010dice je 31.6&#215;59.34 cm. Pri izbiri plo\u0161\u010dice v \u010drni barvi ne morete zgre\u0161iti.<\/p>\n<p>Kliknite na ime kolekcije za ogled vseh plo\u0161\u010dic iz te serije: <a class=\"pdfcatal\" href=\"\/\/www.ceramictiles.com\/pdf\/rocersa\/catalogue_rocersa_togo.pdf\" onclick=\"recordOutboundLink(this, 'E-mail', 'Description PDF');return false;\">Rocersa Ceramica Togo<\/a><\/p>\n<p>\u010ce \u017eelite naro\u010diti model iz pdf kataloga te kolekcije, nam pi\u0161ite na: <a href=\"mailto:keramoteka.salon@gmail.com\" onclick=\"recordOutboundLink(this, 'E-mail', 'Description mail');return false;\">keramoteka.salon@gmail.com<\/a> ali pa nas pokli\u010dite na: 031 255 900.<\/p>\n","protected":false},"excerpt":{"rendered":"<p>Rocersa Togo Negro prihaja iz \u0160panije, ki je znana po zelo kvalitetni keramiki v svetovnem merilu. Rocersa Togo Negro je na voljo po zelo ugodni ceni 19.88 EUR. Ta plo\u0161\u010dica je debela 9 mm in je zelo trpe\u017ena. Velikost te plo\u0161\u010dice je 31.6&#215;59.34 cm. Pri izbiri plo\u0161\u010dice v \u010drni barvi ne morete zgre\u0161iti. Kliknite na [&hellip;]<\/p>\n","protected":false},"featured_media":101205,"template":"","meta":[],"product_cat":[200,999,99921437,250],"product_tag":[],"_links":{"self":[{"href":"https:\/\/www.keramika.com\/slovenija\/wp-json\/wp\/v2\/product\/101204"}],"collection":[{"href":"https:\/\/www.keramika.com\/slovenija\/wp-json\/wp\/v2\/product"}],"about":[{"href":"https:\/\/www.keramika.com\/slovenija\/wp-json\/wp\/v2\/types\/product"}],"wp:featuredmedia":[{"embeddable":true,"href":"https:\/\/www.keramika.com\/slovenija\/wp-json\/wp\/v2\/media\/101205"}],"wp:attachment":[{"href":"https:\/\/www.keramika.com\/slovenija\/wp-json\/wp\/v2\/media?parent=101204"}],"wp:term":[{"taxonomy":"product_cat","embeddable":true,"href":"https:\/\/www.keramika.com\/slovenija\/wp-json\/wp\/v2\/product_cat?post=101204"},{"taxonomy":"product_tag","embeddable":true,"href":"https:\/\/www.keramika.com\/slovenija\/wp-json\/wp\/v2\/product_tag?post=101204"}],"curies":[{"name":"wp","href":"https:\/\/api.w.org\/{rel}","templated":true}]}}