{"id":101198,"date":"2017-03-22T22:51:32","date_gmt":"2017-03-22T22:51:32","guid":{"rendered":"http:\/\/keramika.holest.com\/slovenija\/product\/rocersa-texture-valais-marfil\/"},"modified":"2026-01-01T00:02:43","modified_gmt":"2026-01-01T00:02:43","slug":"rocersa-texture-valais-marfil","status":"publish","type":"product","link":"https:\/\/www.keramika.com\/slovenija\/rocersa-texture-valais-marfil\/","title":{"rendered":"Rocersa Texture Valais Marfil"},"content":{"rendered":"<p>Prihaja iz \u0160panije, ki po svetu slovi kot ena bolj\u0161ih proizvajalk kerami\u010dnih plo\u0161\u010dic. Namesto 23.38 EUR kot bi za to plo\u0161\u010dico od\u0161teli v klasi\u010dni trgovini, boste v na\u0161i spletni prodajalni od\u0161teli le 18.7 EUR. Zelo moderna plo\u0161\u010dica v be\u017e barvi popestri prav vsak prostor. Z velikostjo 31.6&#215;59.34 cm je ta plo\u0161\u010dica primerna ze razli\u010dne povr\u0161ine. 9 mm je debelina, ki zadovolji tudi zahtevnej\u0161e kupce.<\/p>\n<p>Kliknite na ime kolekcije za ogled vseh plo\u0161\u010dic iz te serije: <a class=\"pdfcatal\" href=\"\/\/www.ceramictiles.com\/pdf\/rocersa\/catalogue_rocersa_texture.pdf\" onclick=\"recordOutboundLink(this, 'E-mail', 'Description PDF');return false;\">Rocersa Ceramica Texture<\/a><\/p>\n<p>\u010ce \u017eelite naro\u010diti model iz pdf kataloga te kolekcije, nam pi\u0161ite na: <a href=\"mailto:keramoteka.salon@gmail.com\" onclick=\"recordOutboundLink(this, 'E-mail', 'Description mail');return false;\">keramoteka.salon@gmail.com<\/a> ali pa nas pokli\u010dite na: 031 255 900.<\/p>\n","protected":false},"excerpt":{"rendered":"<p>Prihaja iz \u0160panije, ki po svetu slovi kot ena bolj\u0161ih proizvajalk kerami\u010dnih plo\u0161\u010dic. Namesto 23.38 EUR kot bi za to plo\u0161\u010dico od\u0161teli v klasi\u010dni trgovini, boste v na\u0161i spletni prodajalni od\u0161teli le 18.7 EUR. Zelo moderna plo\u0161\u010dica v be\u017e barvi popestri prav vsak prostor. Z velikostjo 31.6&#215;59.34 cm je ta plo\u0161\u010dica primerna ze razli\u010dne povr\u0161ine. [&hellip;]<\/p>\n","protected":false},"featured_media":101199,"template":"","meta":[],"product_cat":[200,999,99921437,250],"product_tag":[],"_links":{"self":[{"href":"https:\/\/www.keramika.com\/slovenija\/wp-json\/wp\/v2\/product\/101198"}],"collection":[{"href":"https:\/\/www.keramika.com\/slovenija\/wp-json\/wp\/v2\/product"}],"about":[{"href":"https:\/\/www.keramika.com\/slovenija\/wp-json\/wp\/v2\/types\/product"}],"wp:featuredmedia":[{"embeddable":true,"href":"https:\/\/www.keramika.com\/slovenija\/wp-json\/wp\/v2\/media\/101199"}],"wp:attachment":[{"href":"https:\/\/www.keramika.com\/slovenija\/wp-json\/wp\/v2\/media?parent=101198"}],"wp:term":[{"taxonomy":"product_cat","embeddable":true,"href":"https:\/\/www.keramika.com\/slovenija\/wp-json\/wp\/v2\/product_cat?post=101198"},{"taxonomy":"product_tag","embeddable":true,"href":"https:\/\/www.keramika.com\/slovenija\/wp-json\/wp\/v2\/product_tag?post=101198"}],"curies":[{"name":"wp","href":"https:\/\/api.w.org\/{rel}","templated":true}]}}