{"id":101194,"date":"2017-03-22T22:51:26","date_gmt":"2017-03-22T22:51:26","guid":{"rendered":"http:\/\/keramika.holest.com\/slovenija\/product\/rocersa-spazio-cacao\/"},"modified":"2026-01-01T00:02:42","modified_gmt":"2026-01-01T00:02:42","slug":"rocersa-spazio-cacao","status":"publish","type":"product","link":"https:\/\/www.keramika.com\/slovenija\/rocersa-spazio-cacao\/","title":{"rendered":"Rocersa Spazio Cacao"},"content":{"rendered":"<p>Keramika v rjavi barvi popestri vsak prostor. Debelina plo\u0161\u010dice je zelo pomembna in 10 mm uvr\u0161\u010da to plo\u0161\u010dico med najkvalitetnej\u0161e. Plo\u0161\u010dica na sliki je velika 60&#215;60 cm. To plo\u0161\u010dico je izdelal proizvajalec Rocersa Ceramica, ki prihaja iz \u0160panije. Namesto 31.26 EUR kot bi za to plo\u0161\u010dico od\u0161teli v klasi\u010dni trgovini, boste v na\u0161i spletni prodajalni od\u0161teli le 25.01 EUR.<\/p>\n<p>Kliknite na ime kolekcije za ogled vseh plo\u0161\u010dic iz te serije: <a class=\"pdfcatal\" href=\"\/\/www.ceramictiles.com\/pdf\/rocersa\/catalogue_rocersa_spazio.pdf\" onclick=\"recordOutboundLink(this, 'E-mail', 'Description PDF');return false;\">Rocersa Ceramica Spazio<\/a><\/p>\n<p>\u010ce \u017eelite naro\u010diti model iz pdf kataloga te kolekcije, nam pi\u0161ite na: <a href=\"mailto:keramoteka.salon@gmail.com\" onclick=\"recordOutboundLink(this, 'E-mail', 'Description mail');return false;\">keramoteka.salon@gmail.com<\/a> ali pa nas pokli\u010dite na: 031 255 900.<\/p>\n","protected":false},"excerpt":{"rendered":"<p>Keramika v rjavi barvi popestri vsak prostor. Debelina plo\u0161\u010dice je zelo pomembna in 10 mm uvr\u0161\u010da to plo\u0161\u010dico med najkvalitetnej\u0161e. Plo\u0161\u010dica na sliki je velika 60&#215;60 cm. To plo\u0161\u010dico je izdelal proizvajalec Rocersa Ceramica, ki prihaja iz \u0160panije. Namesto 31.26 EUR kot bi za to plo\u0161\u010dico od\u0161teli v klasi\u010dni trgovini, boste v na\u0161i spletni prodajalni [&hellip;]<\/p>\n","protected":false},"featured_media":101195,"template":"","meta":[],"product_cat":[200,999,99921437,240],"product_tag":[],"_links":{"self":[{"href":"https:\/\/www.keramika.com\/slovenija\/wp-json\/wp\/v2\/product\/101194"}],"collection":[{"href":"https:\/\/www.keramika.com\/slovenija\/wp-json\/wp\/v2\/product"}],"about":[{"href":"https:\/\/www.keramika.com\/slovenija\/wp-json\/wp\/v2\/types\/product"}],"wp:featuredmedia":[{"embeddable":true,"href":"https:\/\/www.keramika.com\/slovenija\/wp-json\/wp\/v2\/media\/101195"}],"wp:attachment":[{"href":"https:\/\/www.keramika.com\/slovenija\/wp-json\/wp\/v2\/media?parent=101194"}],"wp:term":[{"taxonomy":"product_cat","embeddable":true,"href":"https:\/\/www.keramika.com\/slovenija\/wp-json\/wp\/v2\/product_cat?post=101194"},{"taxonomy":"product_tag","embeddable":true,"href":"https:\/\/www.keramika.com\/slovenija\/wp-json\/wp\/v2\/product_tag?post=101194"}],"curies":[{"name":"wp","href":"https:\/\/api.w.org\/{rel}","templated":true}]}}