{"id":101192,"date":"2017-03-22T22:51:24","date_gmt":"2017-03-22T22:51:24","guid":{"rendered":"http:\/\/keramika.holest.com\/slovenija\/product\/rocersa-slate-tac-beige\/"},"modified":"2026-01-01T00:02:42","modified_gmt":"2026-01-01T00:02:42","slug":"rocersa-slate-tac-beige","status":"publish","type":"product","link":"https:\/\/www.keramika.com\/slovenija\/rocersa-slate-tac-beige\/","title":{"rendered":"Rocersa Slate Tac Beige"},"content":{"rendered":"<p>Ta model plo\u0161\u010dice se najbolje prodaja v be\u017e barvi. 9 mm debeline je dovolj tudi za zahtevnej\u0161e kupce. Rocersa Slate Tac Beige je pripeljana iz \u0160panije in je zelo kvalitetna. Z velikostjo 47.2&#215;70.8 cm je ta plo\u0161\u010dica primerna ze razli\u010dne povr\u0161ine. V redni prodaji bi morali za to plo\u0161\u010dico od\u0161teti 35.4 EUR, spletna cena pa zna\u0161a le 28.32 EUR.<\/p>\n<p>Kliknite na ime kolekcije za ogled vseh plo\u0161\u010dic iz te serije: <a class=\"pdfcatal\" href=\"\/\/www.ceramictiles.com\/pdf\/rocersa\/catalogue_rocersa_slate_tacstone.pdf\" onclick=\"recordOutboundLink(this, 'E-mail', 'Description PDF');return false;\">Rocersa Ceramica Slate<\/a><\/p>\n<p>\u010ce \u017eelite naro\u010diti model iz pdf kataloga te kolekcije, nam pi\u0161ite na: <a href=\"mailto:keramoteka.salon@gmail.com\" onclick=\"recordOutboundLink(this, 'E-mail', 'Description mail');return false;\">keramoteka.salon@gmail.com<\/a> ali pa nas pokli\u010dite na: 031 255 900.<\/p>\n","protected":false},"excerpt":{"rendered":"<p>Ta model plo\u0161\u010dice se najbolje prodaja v be\u017e barvi. 9 mm debeline je dovolj tudi za zahtevnej\u0161e kupce. Rocersa Slate Tac Beige je pripeljana iz \u0160panije in je zelo kvalitetna. Z velikostjo 47.2&#215;70.8 cm je ta plo\u0161\u010dica primerna ze razli\u010dne povr\u0161ine. V redni prodaji bi morali za to plo\u0161\u010dico od\u0161teti 35.4 EUR, spletna cena pa [&hellip;]<\/p>\n","protected":false},"featured_media":101193,"template":"","meta":[],"product_cat":[200,999,99921437,250],"product_tag":[],"_links":{"self":[{"href":"https:\/\/www.keramika.com\/slovenija\/wp-json\/wp\/v2\/product\/101192"}],"collection":[{"href":"https:\/\/www.keramika.com\/slovenija\/wp-json\/wp\/v2\/product"}],"about":[{"href":"https:\/\/www.keramika.com\/slovenija\/wp-json\/wp\/v2\/types\/product"}],"wp:featuredmedia":[{"embeddable":true,"href":"https:\/\/www.keramika.com\/slovenija\/wp-json\/wp\/v2\/media\/101193"}],"wp:attachment":[{"href":"https:\/\/www.keramika.com\/slovenija\/wp-json\/wp\/v2\/media?parent=101192"}],"wp:term":[{"taxonomy":"product_cat","embeddable":true,"href":"https:\/\/www.keramika.com\/slovenija\/wp-json\/wp\/v2\/product_cat?post=101192"},{"taxonomy":"product_tag","embeddable":true,"href":"https:\/\/www.keramika.com\/slovenija\/wp-json\/wp\/v2\/product_tag?post=101192"}],"curies":[{"name":"wp","href":"https:\/\/api.w.org\/{rel}","templated":true}]}}